{"id":48893,"date":"2024-04-05T07:59:56","date_gmt":"2024-04-05T05:59:56","guid":{"rendered":"https:\/\/www.bzsolutions.ch\/produkt\/keiser-m3i-velo-dinterieur\/"},"modified":"2024-04-05T07:59:56","modified_gmt":"2024-04-05T05:59:56","slug":"keiser-m3i-velo-dinterieur","status":"publish","type":"product","link":"https:\/\/www.bzsolutions.ch\/fr\/produkt\/keiser-m3i-velo-dinterieur\/","title":{"rendered":"KEISER M3i V\u00e9lo d&#8217;int\u00e9rieur"},"content":{"rendered":"<p>Keiser M Series Cardio offre \u00e0 l&#8217;utilisateur une exp\u00e9rience sans pr\u00e9c\u00e9dent. Vous pouvez d\u00e9sormais acc\u00e9der \u00e0 votre entra\u00eenement en ligne, ce qui vous permet de choisir parmi de nombreux cours de formation dans votre propre environnement s\u00e9curis\u00e9, en streaming en ligne ou avec les applications de votre choix (par exemple, Intelligent Cycling, Keiser M-Serie, Bkool, GOInd, Impowered Betrained). En outre, vous pouvez participer gratuitement et en direct \u00e0 diff\u00e9rentes formations en ligne organis\u00e9es par l&#8217;\u00e9quipe internationale de formateurs Keiser. Consultez ici un aper\u00e7u et laissez-vous surprendre par les possibilit\u00e9s ! Le v\u00e9lo d&#8217;int\u00e9rieur Keiser M3i se distingue du M3i Lite par son guidon, qui peut \u00eatre r\u00e9gl\u00e9 de quatre mani\u00e8res diff\u00e9rentes. Maintenant possible avec la nouvelle application gratuite M Series Restez motiv\u00e9 gr\u00e2ce aux donn\u00e9es de conduite en temps r\u00e9el. Que vous vous entra\u00eeniez chez vous ou dans une salle de sport, l&#8217;application M Series vous tient au courant. Si vous souhaitez en savoir plus sur la nouvelle application<\/p>\n","protected":false},"excerpt":{"rendered":"<p>Le M3i Indoor Cycle de Keiser avec technologie Bluetooth est le r\u00e9sultat de nombreuses ann\u00e9es de d\u00e9veloppement dans le domaine de l&#8217;indoor cycle. Outre des mat\u00e9riaux r\u00e9sistants \u00e0 la corrosion et un syst\u00e8me de r\u00e9sistance magn\u00e9tique sans entretien, le M3i se distingue par son design personnalis\u00e9 et ses composants de haute qualit\u00e9.<\/p>\n<p>https:\/\/www.youtube.com\/watch?v=MEq7f9cMy5U<\/p>\n","protected":false},"featured_media":48024,"template":"","meta":{"inline_featured_image":false},"product_brand":[],"product_cat":[806,804,1224,1131],"product_tag":[1219,1225],"class_list":{"0":"post-48893","1":"product","2":"type-product","3":"status-publish","4":"has-post-thumbnail","6":"product_cat-appareils-dendurance","7":"product_cat-fournisseur","8":"product_cat-indoor-cycle-velo-de-vitesse","9":"product_cat-keiser-fr","10":"product_tag-entrainement-dendurance","11":"product_tag-indoor-cycle-velo-de-vitesse","12":"pa_breite-66-cm-fr","13":"pa_gewicht-39-kg-fr","14":"pa_hoehe-114-cm-fr","15":"pa_laenge-125-cm-fr","16":"pa_max-belastung-136-kg-fr","17":"pa_pulsart-ceinture-pectorale-en-option","19":"first","20":"instock","21":"product-type-simple"},"yoast_head":"<!-- This site is optimized with the Yoast SEO plugin v23.8 - https:\/\/yoast.com\/wordpress\/plugins\/seo\/ -->\n<title>KEISER M3i V\u00e9lo d&#039;int\u00e9rieur - BZ Solutions<\/title>\n<meta name=\"robots\" content=\"index, follow, max-snippet:-1, max-image-preview:large, max-video-preview:-1\" \/>\n<link rel=\"canonical\" href=\"https:\/\/www.bzsolutions.ch\/fr\/produkt\/keiser-m3i-velo-dinterieur\/\" \/>\n<meta property=\"og:locale\" content=\"fr_FR\" \/>\n<meta property=\"og:type\" content=\"article\" \/>\n<meta property=\"og:title\" content=\"KEISER M3i V\u00e9lo d&#039;int\u00e9rieur - BZ Solutions\" \/>\n<meta property=\"og:description\" content=\"Le M3i Indoor Cycle de Keiser avec technologie Bluetooth est le r\u00e9sultat de nombreuses ann\u00e9es de d\u00e9veloppement dans le domaine de l&#039;indoor cycle. Outre des mat\u00e9riaux r\u00e9sistants \u00e0 la corrosion et un syst\u00e8me de r\u00e9sistance magn\u00e9tique sans entretien, le M3i se distingue par son design personnalis\u00e9 et ses composants de haute qualit\u00e9. https:\/\/www.youtube.com\/watch?v=MEq7f9cMy5U\" \/>\n<meta property=\"og:url\" content=\"https:\/\/www.bzsolutions.ch\/fr\/produkt\/keiser-m3i-velo-dinterieur\/\" \/>\n<meta property=\"og:site_name\" content=\"BZ Solutions\" \/>\n<meta property=\"og:image\" content=\"https:\/\/www.bzsolutions.ch\/wp-content\/uploads\/2024\/04\/M3i-Indoor-Bike-1.png\" \/>\n\t<meta property=\"og:image:width\" content=\"1000\" \/>\n\t<meta property=\"og:image:height\" content=\"1000\" \/>\n\t<meta property=\"og:image:type\" content=\"image\/png\" \/>\n<meta name=\"twitter:card\" content=\"summary_large_image\" \/>\n<meta name=\"twitter:label1\" content=\"Dur\u00e9e de lecture estim\u00e9e\" \/>\n\t<meta name=\"twitter:data1\" content=\"1 minute\" \/>\n<script type=\"application\/ld+json\" class=\"yoast-schema-graph\">{\"@context\":\"https:\/\/schema.org\",\"@graph\":[{\"@type\":\"WebPage\",\"@id\":\"https:\/\/www.bzsolutions.ch\/fr\/produkt\/keiser-m3i-velo-dinterieur\/\",\"url\":\"https:\/\/www.bzsolutions.ch\/fr\/produkt\/keiser-m3i-velo-dinterieur\/\",\"name\":\"KEISER M3i V\u00e9lo d'int\u00e9rieur - BZ Solutions\",\"isPartOf\":{\"@id\":\"https:\/\/www.bzsolutions.ch\/fr\/#website\"},\"primaryImageOfPage\":{\"@id\":\"https:\/\/www.bzsolutions.ch\/fr\/produkt\/keiser-m3i-velo-dinterieur\/#primaryimage\"},\"image\":{\"@id\":\"https:\/\/www.bzsolutions.ch\/fr\/produkt\/keiser-m3i-velo-dinterieur\/#primaryimage\"},\"thumbnailUrl\":\"https:\/\/www.bzsolutions.ch\/wp-content\/uploads\/2024\/04\/M3i-Indoor-Bike-1.png\",\"datePublished\":\"2024-04-05T05:59:56+00:00\",\"dateModified\":\"2024-04-05T05:59:56+00:00\",\"breadcrumb\":{\"@id\":\"https:\/\/www.bzsolutions.ch\/fr\/produkt\/keiser-m3i-velo-dinterieur\/#breadcrumb\"},\"inLanguage\":\"fr-FR\",\"potentialAction\":[{\"@type\":\"ReadAction\",\"target\":[\"https:\/\/www.bzsolutions.ch\/fr\/produkt\/keiser-m3i-velo-dinterieur\/\"]}]},{\"@type\":\"ImageObject\",\"inLanguage\":\"fr-FR\",\"@id\":\"https:\/\/www.bzsolutions.ch\/fr\/produkt\/keiser-m3i-velo-dinterieur\/#primaryimage\",\"url\":\"https:\/\/www.bzsolutions.ch\/wp-content\/uploads\/2024\/04\/M3i-Indoor-Bike-1.png\",\"contentUrl\":\"https:\/\/www.bzsolutions.ch\/wp-content\/uploads\/2024\/04\/M3i-Indoor-Bike-1.png\",\"width\":1000,\"height\":1000},{\"@type\":\"BreadcrumbList\",\"@id\":\"https:\/\/www.bzsolutions.ch\/fr\/produkt\/keiser-m3i-velo-dinterieur\/#breadcrumb\",\"itemListElement\":[{\"@type\":\"ListItem\",\"position\":1,\"name\":\"Startseite\",\"item\":\"https:\/\/www.bzsolutions.ch\/fr\/\"},{\"@type\":\"ListItem\",\"position\":2,\"name\":\"Shop\",\"item\":\"https:\/\/www.bzsolutions.ch\/shop\/\"},{\"@type\":\"ListItem\",\"position\":3,\"name\":\"KEISER M3i V\u00e9lo d&#8217;int\u00e9rieur\"}]},{\"@type\":\"WebSite\",\"@id\":\"https:\/\/www.bzsolutions.ch\/fr\/#website\",\"url\":\"https:\/\/www.bzsolutions.ch\/fr\/\",\"name\":\"BZ Solutions\",\"description\":\"Total Fitness Solutions\",\"publisher\":{\"@id\":\"https:\/\/www.bzsolutions.ch\/fr\/#organization\"},\"potentialAction\":[{\"@type\":\"SearchAction\",\"target\":{\"@type\":\"EntryPoint\",\"urlTemplate\":\"https:\/\/www.bzsolutions.ch\/fr\/?s={search_term_string}\"},\"query-input\":{\"@type\":\"PropertyValueSpecification\",\"valueRequired\":true,\"valueName\":\"search_term_string\"}}],\"inLanguage\":\"fr-FR\"},{\"@type\":\"Organization\",\"@id\":\"https:\/\/www.bzsolutions.ch\/fr\/#organization\",\"name\":\"BZ Solutions\",\"url\":\"https:\/\/www.bzsolutions.ch\/fr\/\",\"logo\":{\"@type\":\"ImageObject\",\"inLanguage\":\"fr-FR\",\"@id\":\"https:\/\/www.bzsolutions.ch\/fr\/#\/schema\/logo\/image\/\",\"url\":\"https:\/\/www.bzsolutions.ch\/wp-content\/uploads\/2024\/03\/logo_bz-solutions.png\",\"contentUrl\":\"https:\/\/www.bzsolutions.ch\/wp-content\/uploads\/2024\/03\/logo_bz-solutions.png\",\"width\":600,\"height\":136,\"caption\":\"BZ Solutions\"},\"image\":{\"@id\":\"https:\/\/www.bzsolutions.ch\/fr\/#\/schema\/logo\/image\/\"}}]}<\/script>\n<!-- \/ Yoast SEO plugin. -->","yoast_head_json":{"title":"KEISER M3i V\u00e9lo d'int\u00e9rieur - BZ Solutions","robots":{"index":"index","follow":"follow","max-snippet":"max-snippet:-1","max-image-preview":"max-image-preview:large","max-video-preview":"max-video-preview:-1"},"canonical":"https:\/\/www.bzsolutions.ch\/fr\/produkt\/keiser-m3i-velo-dinterieur\/","og_locale":"fr_FR","og_type":"article","og_title":"KEISER M3i V\u00e9lo d'int\u00e9rieur - BZ Solutions","og_description":"Le M3i Indoor Cycle de Keiser avec technologie Bluetooth est le r\u00e9sultat de nombreuses ann\u00e9es de d\u00e9veloppement dans le domaine de l'indoor cycle. Outre des mat\u00e9riaux r\u00e9sistants \u00e0 la corrosion et un syst\u00e8me de r\u00e9sistance magn\u00e9tique sans entretien, le M3i se distingue par son design personnalis\u00e9 et ses composants de haute qualit\u00e9. https:\/\/www.youtube.com\/watch?v=MEq7f9cMy5U","og_url":"https:\/\/www.bzsolutions.ch\/fr\/produkt\/keiser-m3i-velo-dinterieur\/","og_site_name":"BZ Solutions","og_image":[{"width":1000,"height":1000,"url":"https:\/\/www.bzsolutions.ch\/wp-content\/uploads\/2024\/04\/M3i-Indoor-Bike-1.png","type":"image\/png"}],"twitter_card":"summary_large_image","twitter_misc":{"Dur\u00e9e de lecture estim\u00e9e":"1 minute"},"schema":{"@context":"https:\/\/schema.org","@graph":[{"@type":"WebPage","@id":"https:\/\/www.bzsolutions.ch\/fr\/produkt\/keiser-m3i-velo-dinterieur\/","url":"https:\/\/www.bzsolutions.ch\/fr\/produkt\/keiser-m3i-velo-dinterieur\/","name":"KEISER M3i V\u00e9lo d'int\u00e9rieur - BZ Solutions","isPartOf":{"@id":"https:\/\/www.bzsolutions.ch\/fr\/#website"},"primaryImageOfPage":{"@id":"https:\/\/www.bzsolutions.ch\/fr\/produkt\/keiser-m3i-velo-dinterieur\/#primaryimage"},"image":{"@id":"https:\/\/www.bzsolutions.ch\/fr\/produkt\/keiser-m3i-velo-dinterieur\/#primaryimage"},"thumbnailUrl":"https:\/\/www.bzsolutions.ch\/wp-content\/uploads\/2024\/04\/M3i-Indoor-Bike-1.png","datePublished":"2024-04-05T05:59:56+00:00","dateModified":"2024-04-05T05:59:56+00:00","breadcrumb":{"@id":"https:\/\/www.bzsolutions.ch\/fr\/produkt\/keiser-m3i-velo-dinterieur\/#breadcrumb"},"inLanguage":"fr-FR","potentialAction":[{"@type":"ReadAction","target":["https:\/\/www.bzsolutions.ch\/fr\/produkt\/keiser-m3i-velo-dinterieur\/"]}]},{"@type":"ImageObject","inLanguage":"fr-FR","@id":"https:\/\/www.bzsolutions.ch\/fr\/produkt\/keiser-m3i-velo-dinterieur\/#primaryimage","url":"https:\/\/www.bzsolutions.ch\/wp-content\/uploads\/2024\/04\/M3i-Indoor-Bike-1.png","contentUrl":"https:\/\/www.bzsolutions.ch\/wp-content\/uploads\/2024\/04\/M3i-Indoor-Bike-1.png","width":1000,"height":1000},{"@type":"BreadcrumbList","@id":"https:\/\/www.bzsolutions.ch\/fr\/produkt\/keiser-m3i-velo-dinterieur\/#breadcrumb","itemListElement":[{"@type":"ListItem","position":1,"name":"Startseite","item":"https:\/\/www.bzsolutions.ch\/fr\/"},{"@type":"ListItem","position":2,"name":"Shop","item":"https:\/\/www.bzsolutions.ch\/shop\/"},{"@type":"ListItem","position":3,"name":"KEISER M3i V\u00e9lo d&#8217;int\u00e9rieur"}]},{"@type":"WebSite","@id":"https:\/\/www.bzsolutions.ch\/fr\/#website","url":"https:\/\/www.bzsolutions.ch\/fr\/","name":"BZ Solutions","description":"Total Fitness Solutions","publisher":{"@id":"https:\/\/www.bzsolutions.ch\/fr\/#organization"},"potentialAction":[{"@type":"SearchAction","target":{"@type":"EntryPoint","urlTemplate":"https:\/\/www.bzsolutions.ch\/fr\/?s={search_term_string}"},"query-input":{"@type":"PropertyValueSpecification","valueRequired":true,"valueName":"search_term_string"}}],"inLanguage":"fr-FR"},{"@type":"Organization","@id":"https:\/\/www.bzsolutions.ch\/fr\/#organization","name":"BZ Solutions","url":"https:\/\/www.bzsolutions.ch\/fr\/","logo":{"@type":"ImageObject","inLanguage":"fr-FR","@id":"https:\/\/www.bzsolutions.ch\/fr\/#\/schema\/logo\/image\/","url":"https:\/\/www.bzsolutions.ch\/wp-content\/uploads\/2024\/03\/logo_bz-solutions.png","contentUrl":"https:\/\/www.bzsolutions.ch\/wp-content\/uploads\/2024\/03\/logo_bz-solutions.png","width":600,"height":136,"caption":"BZ Solutions"},"image":{"@id":"https:\/\/www.bzsolutions.ch\/fr\/#\/schema\/logo\/image\/"}}]}},"_links":{"self":[{"href":"https:\/\/www.bzsolutions.ch\/fr\/wp-json\/wp\/v2\/product\/48893","targetHints":{"allow":["GET"]}}],"collection":[{"href":"https:\/\/www.bzsolutions.ch\/fr\/wp-json\/wp\/v2\/product"}],"about":[{"href":"https:\/\/www.bzsolutions.ch\/fr\/wp-json\/wp\/v2\/types\/product"}],"wp:featuredmedia":[{"embeddable":true,"href":"https:\/\/www.bzsolutions.ch\/fr\/wp-json\/wp\/v2\/media\/48024"}],"wp:attachment":[{"href":"https:\/\/www.bzsolutions.ch\/fr\/wp-json\/wp\/v2\/media?parent=48893"}],"wp:term":[{"taxonomy":"product_brand","embeddable":true,"href":"https:\/\/www.bzsolutions.ch\/fr\/wp-json\/wp\/v2\/product_brand?post=48893"},{"taxonomy":"product_cat","embeddable":true,"href":"https:\/\/www.bzsolutions.ch\/fr\/wp-json\/wp\/v2\/product_cat?post=48893"},{"taxonomy":"product_tag","embeddable":true,"href":"https:\/\/www.bzsolutions.ch\/fr\/wp-json\/wp\/v2\/product_tag?post=48893"}],"curies":[{"name":"wp","href":"https:\/\/api.w.org\/{rel}","templated":true}]}}