{"id":48900,"date":"2024-04-03T17:36:11","date_gmt":"2024-04-03T15:36:11","guid":{"rendered":"https:\/\/www.bzsolutions.ch\/produkt\/upright-bike-tbu7000\/"},"modified":"2024-04-03T17:36:11","modified_gmt":"2024-04-03T15:36:11","slug":"upright-bike-tbu7000","status":"publish","type":"product","link":"https:\/\/www.bzsolutions.ch\/fr\/produkt\/upright-bike-tbu7000\/","title":{"rendered":"UPRIGHT BIKE TBU7000"},"content":{"rendered":"<p>01. TECHNOLOGIE ET ACCESSIBILIT\u00c9 : L&#8217;UPRIGHT BIKE \u00e9tablit de nouvelles normes en mati\u00e8re de divertissement d&#8217;entra\u00eenement avec le Smart Device Mirroring, qui vous permet de mettre en miroir votre smartphone ou votre tablette directement sur l&#8217;\u00e9cran de 15,6 pouces. Associ\u00e9 \u00e0 un design continu et \u00e0 une poign\u00e9e pour un acc\u00e8s facile, ce v\u00e9lo est le partenaire d&#8217;entra\u00eenement id\u00e9al pour tous les niveaux de fitness.<\/p>\n<p>02. COMMANDE ET CONFORT : \u00c9quip\u00e9 de commandes rapides sur le guidon pour un changement de niveau fluide et d&#8217;un si\u00e8ge profil\u00e9 pour un confort maximal, le V\u00c9LO UPRIGHT permet une exp\u00e9rience de conduite fluide et confortable. Des commodit\u00e9s suppl\u00e9mentaires, telles qu&#8217;une \u00e9tag\u00e8re pour les accessoires et un porte-bouteille, augmentent le confort d&#8217;utilisation pendant l&#8217;entra\u00eenement.<\/p>\n<p>03. LONGUE DURABILITE ET STYLE : La construction robuste et le design ergonomique de l&#8217;UPRIGHT BIKE compl\u00e9t\u00e9s par un rev\u00eatement brillant \u00e0 double couche garantissent la durabilit\u00e9 et un aspect attrayant. Ce v\u00e9lo haut de gamme est un excellent choix pour les salles de sport et les v\u00e9los d&#8217;appartement qui recherchent la qualit\u00e9, la fonctionnalit\u00e9 et le style.<\/p>\n","protected":false},"excerpt":{"rendered":"<p>Am\u00e9liorez votre cardio-training avec l&#8217;UPRIGHT BIKE, un appareil de fitness avanc\u00e9 qui allie parfaitement technologie et confort. Ce v\u00e9lo offre une solution innovante pour une exp\u00e9rience d&#8217;entra\u00eenement exigeante et agr\u00e9able.<\/p>\n","protected":false},"featured_media":47990,"template":"","meta":{"inline_featured_image":false},"product_brand":[],"product_cat":[806,805,1247,804],"product_tag":[808,1248],"class_list":{"0":"post-48900","1":"product","2":"type-product","3":"status-publish","4":"has-post-thumbnail","6":"product_cat-appareils-dendurance","7":"product_cat-drax-fr","8":"product_cat-ergometre","9":"product_cat-fournisseur","10":"product_tag-drax-fr","11":"product_tag-ergometre","12":"pa_antriebssystem-systeme-de-generateur-hybride","13":"pa_breite-639-mm-fr","14":"pa_display-ecran-lcd-de-156-pouces","15":"pa_gewicht-60-kg-fr","16":"pa_herzfrequenz-frequence-cardiaque-frequence-cardiaque-sans-fil-compatible-avec-polar-capteur-manuel-contacts-de-frequence-cardiaque","17":"pa_hoehe-1521-mm-fr","18":"pa_konsoledisplay-temps-distance-calories-frequence-cardiaque","19":"pa_laenge-1132-mm-fr","20":"pa_max-belastung-150-kg-fr","21":"pa_stromversorgung-220v-50-60hz-ecran-lcd","22":"pa_traningslevel-25-niveau-dexercice","24":"first","25":"instock","26":"product-type-simple"},"yoast_head":"<!-- This site is optimized with the Yoast SEO plugin v23.8 - https:\/\/yoast.com\/wordpress\/plugins\/seo\/ -->\n<title>UPRIGHT BIKE TBU7000 - BZ Solutions<\/title>\n<meta name=\"robots\" content=\"index, follow, max-snippet:-1, max-image-preview:large, max-video-preview:-1\" \/>\n<link rel=\"canonical\" href=\"https:\/\/www.bzsolutions.ch\/fr\/produkt\/upright-bike-tbu7000\/\" \/>\n<meta property=\"og:locale\" content=\"fr_FR\" \/>\n<meta property=\"og:type\" content=\"article\" \/>\n<meta property=\"og:title\" content=\"UPRIGHT BIKE TBU7000 - BZ Solutions\" \/>\n<meta property=\"og:description\" content=\"Am\u00e9liorez votre cardio-training avec l&#039;UPRIGHT BIKE, un appareil de fitness avanc\u00e9 qui allie parfaitement technologie et confort. Ce v\u00e9lo offre une solution innovante pour une exp\u00e9rience d&#039;entra\u00eenement exigeante et agr\u00e9able.\" \/>\n<meta property=\"og:url\" content=\"https:\/\/www.bzsolutions.ch\/fr\/produkt\/upright-bike-tbu7000\/\" \/>\n<meta property=\"og:site_name\" content=\"BZ Solutions\" \/>\n<meta property=\"og:image\" content=\"https:\/\/www.bzsolutions.ch\/wp-content\/uploads\/2024\/04\/Drax_TBU7000-1.png\" \/>\n\t<meta property=\"og:image:width\" content=\"1000\" \/>\n\t<meta property=\"og:image:height\" content=\"1000\" \/>\n\t<meta property=\"og:image:type\" content=\"image\/png\" \/>\n<meta name=\"twitter:card\" content=\"summary_large_image\" \/>\n<meta name=\"twitter:label1\" content=\"Dur\u00e9e de lecture estim\u00e9e\" \/>\n\t<meta name=\"twitter:data1\" content=\"1 minute\" \/>\n<script type=\"application\/ld+json\" class=\"yoast-schema-graph\">{\"@context\":\"https:\/\/schema.org\",\"@graph\":[{\"@type\":\"WebPage\",\"@id\":\"https:\/\/www.bzsolutions.ch\/fr\/produkt\/upright-bike-tbu7000\/\",\"url\":\"https:\/\/www.bzsolutions.ch\/fr\/produkt\/upright-bike-tbu7000\/\",\"name\":\"UPRIGHT BIKE TBU7000 - BZ Solutions\",\"isPartOf\":{\"@id\":\"https:\/\/www.bzsolutions.ch\/fr\/#website\"},\"primaryImageOfPage\":{\"@id\":\"https:\/\/www.bzsolutions.ch\/fr\/produkt\/upright-bike-tbu7000\/#primaryimage\"},\"image\":{\"@id\":\"https:\/\/www.bzsolutions.ch\/fr\/produkt\/upright-bike-tbu7000\/#primaryimage\"},\"thumbnailUrl\":\"https:\/\/www.bzsolutions.ch\/wp-content\/uploads\/2024\/04\/Drax_TBU7000-1.png\",\"datePublished\":\"2024-04-03T15:36:11+00:00\",\"dateModified\":\"2024-04-03T15:36:11+00:00\",\"breadcrumb\":{\"@id\":\"https:\/\/www.bzsolutions.ch\/fr\/produkt\/upright-bike-tbu7000\/#breadcrumb\"},\"inLanguage\":\"fr-FR\",\"potentialAction\":[{\"@type\":\"ReadAction\",\"target\":[\"https:\/\/www.bzsolutions.ch\/fr\/produkt\/upright-bike-tbu7000\/\"]}]},{\"@type\":\"ImageObject\",\"inLanguage\":\"fr-FR\",\"@id\":\"https:\/\/www.bzsolutions.ch\/fr\/produkt\/upright-bike-tbu7000\/#primaryimage\",\"url\":\"https:\/\/www.bzsolutions.ch\/wp-content\/uploads\/2024\/04\/Drax_TBU7000-1.png\",\"contentUrl\":\"https:\/\/www.bzsolutions.ch\/wp-content\/uploads\/2024\/04\/Drax_TBU7000-1.png\",\"width\":1000,\"height\":1000},{\"@type\":\"BreadcrumbList\",\"@id\":\"https:\/\/www.bzsolutions.ch\/fr\/produkt\/upright-bike-tbu7000\/#breadcrumb\",\"itemListElement\":[{\"@type\":\"ListItem\",\"position\":1,\"name\":\"Startseite\",\"item\":\"https:\/\/www.bzsolutions.ch\/fr\/\"},{\"@type\":\"ListItem\",\"position\":2,\"name\":\"Shop\",\"item\":\"https:\/\/www.bzsolutions.ch\/shop\/\"},{\"@type\":\"ListItem\",\"position\":3,\"name\":\"UPRIGHT BIKE TBU7000\"}]},{\"@type\":\"WebSite\",\"@id\":\"https:\/\/www.bzsolutions.ch\/fr\/#website\",\"url\":\"https:\/\/www.bzsolutions.ch\/fr\/\",\"name\":\"BZ Solutions\",\"description\":\"Total Fitness Solutions\",\"publisher\":{\"@id\":\"https:\/\/www.bzsolutions.ch\/fr\/#organization\"},\"potentialAction\":[{\"@type\":\"SearchAction\",\"target\":{\"@type\":\"EntryPoint\",\"urlTemplate\":\"https:\/\/www.bzsolutions.ch\/fr\/?s={search_term_string}\"},\"query-input\":{\"@type\":\"PropertyValueSpecification\",\"valueRequired\":true,\"valueName\":\"search_term_string\"}}],\"inLanguage\":\"fr-FR\"},{\"@type\":\"Organization\",\"@id\":\"https:\/\/www.bzsolutions.ch\/fr\/#organization\",\"name\":\"BZ Solutions\",\"url\":\"https:\/\/www.bzsolutions.ch\/fr\/\",\"logo\":{\"@type\":\"ImageObject\",\"inLanguage\":\"fr-FR\",\"@id\":\"https:\/\/www.bzsolutions.ch\/fr\/#\/schema\/logo\/image\/\",\"url\":\"https:\/\/www.bzsolutions.ch\/wp-content\/uploads\/2024\/03\/logo_bz-solutions.png\",\"contentUrl\":\"https:\/\/www.bzsolutions.ch\/wp-content\/uploads\/2024\/03\/logo_bz-solutions.png\",\"width\":600,\"height\":136,\"caption\":\"BZ Solutions\"},\"image\":{\"@id\":\"https:\/\/www.bzsolutions.ch\/fr\/#\/schema\/logo\/image\/\"}}]}<\/script>\n<!-- \/ Yoast SEO plugin. -->","yoast_head_json":{"title":"UPRIGHT BIKE TBU7000 - BZ Solutions","robots":{"index":"index","follow":"follow","max-snippet":"max-snippet:-1","max-image-preview":"max-image-preview:large","max-video-preview":"max-video-preview:-1"},"canonical":"https:\/\/www.bzsolutions.ch\/fr\/produkt\/upright-bike-tbu7000\/","og_locale":"fr_FR","og_type":"article","og_title":"UPRIGHT BIKE TBU7000 - BZ Solutions","og_description":"Am\u00e9liorez votre cardio-training avec l'UPRIGHT BIKE, un appareil de fitness avanc\u00e9 qui allie parfaitement technologie et confort. Ce v\u00e9lo offre une solution innovante pour une exp\u00e9rience d'entra\u00eenement exigeante et agr\u00e9able.","og_url":"https:\/\/www.bzsolutions.ch\/fr\/produkt\/upright-bike-tbu7000\/","og_site_name":"BZ Solutions","og_image":[{"width":1000,"height":1000,"url":"https:\/\/www.bzsolutions.ch\/wp-content\/uploads\/2024\/04\/Drax_TBU7000-1.png","type":"image\/png"}],"twitter_card":"summary_large_image","twitter_misc":{"Dur\u00e9e de lecture estim\u00e9e":"1 minute"},"schema":{"@context":"https:\/\/schema.org","@graph":[{"@type":"WebPage","@id":"https:\/\/www.bzsolutions.ch\/fr\/produkt\/upright-bike-tbu7000\/","url":"https:\/\/www.bzsolutions.ch\/fr\/produkt\/upright-bike-tbu7000\/","name":"UPRIGHT BIKE TBU7000 - BZ Solutions","isPartOf":{"@id":"https:\/\/www.bzsolutions.ch\/fr\/#website"},"primaryImageOfPage":{"@id":"https:\/\/www.bzsolutions.ch\/fr\/produkt\/upright-bike-tbu7000\/#primaryimage"},"image":{"@id":"https:\/\/www.bzsolutions.ch\/fr\/produkt\/upright-bike-tbu7000\/#primaryimage"},"thumbnailUrl":"https:\/\/www.bzsolutions.ch\/wp-content\/uploads\/2024\/04\/Drax_TBU7000-1.png","datePublished":"2024-04-03T15:36:11+00:00","dateModified":"2024-04-03T15:36:11+00:00","breadcrumb":{"@id":"https:\/\/www.bzsolutions.ch\/fr\/produkt\/upright-bike-tbu7000\/#breadcrumb"},"inLanguage":"fr-FR","potentialAction":[{"@type":"ReadAction","target":["https:\/\/www.bzsolutions.ch\/fr\/produkt\/upright-bike-tbu7000\/"]}]},{"@type":"ImageObject","inLanguage":"fr-FR","@id":"https:\/\/www.bzsolutions.ch\/fr\/produkt\/upright-bike-tbu7000\/#primaryimage","url":"https:\/\/www.bzsolutions.ch\/wp-content\/uploads\/2024\/04\/Drax_TBU7000-1.png","contentUrl":"https:\/\/www.bzsolutions.ch\/wp-content\/uploads\/2024\/04\/Drax_TBU7000-1.png","width":1000,"height":1000},{"@type":"BreadcrumbList","@id":"https:\/\/www.bzsolutions.ch\/fr\/produkt\/upright-bike-tbu7000\/#breadcrumb","itemListElement":[{"@type":"ListItem","position":1,"name":"Startseite","item":"https:\/\/www.bzsolutions.ch\/fr\/"},{"@type":"ListItem","position":2,"name":"Shop","item":"https:\/\/www.bzsolutions.ch\/shop\/"},{"@type":"ListItem","position":3,"name":"UPRIGHT BIKE TBU7000"}]},{"@type":"WebSite","@id":"https:\/\/www.bzsolutions.ch\/fr\/#website","url":"https:\/\/www.bzsolutions.ch\/fr\/","name":"BZ Solutions","description":"Total Fitness Solutions","publisher":{"@id":"https:\/\/www.bzsolutions.ch\/fr\/#organization"},"potentialAction":[{"@type":"SearchAction","target":{"@type":"EntryPoint","urlTemplate":"https:\/\/www.bzsolutions.ch\/fr\/?s={search_term_string}"},"query-input":{"@type":"PropertyValueSpecification","valueRequired":true,"valueName":"search_term_string"}}],"inLanguage":"fr-FR"},{"@type":"Organization","@id":"https:\/\/www.bzsolutions.ch\/fr\/#organization","name":"BZ Solutions","url":"https:\/\/www.bzsolutions.ch\/fr\/","logo":{"@type":"ImageObject","inLanguage":"fr-FR","@id":"https:\/\/www.bzsolutions.ch\/fr\/#\/schema\/logo\/image\/","url":"https:\/\/www.bzsolutions.ch\/wp-content\/uploads\/2024\/03\/logo_bz-solutions.png","contentUrl":"https:\/\/www.bzsolutions.ch\/wp-content\/uploads\/2024\/03\/logo_bz-solutions.png","width":600,"height":136,"caption":"BZ Solutions"},"image":{"@id":"https:\/\/www.bzsolutions.ch\/fr\/#\/schema\/logo\/image\/"}}]}},"_links":{"self":[{"href":"https:\/\/www.bzsolutions.ch\/fr\/wp-json\/wp\/v2\/product\/48900","targetHints":{"allow":["GET"]}}],"collection":[{"href":"https:\/\/www.bzsolutions.ch\/fr\/wp-json\/wp\/v2\/product"}],"about":[{"href":"https:\/\/www.bzsolutions.ch\/fr\/wp-json\/wp\/v2\/types\/product"}],"wp:featuredmedia":[{"embeddable":true,"href":"https:\/\/www.bzsolutions.ch\/fr\/wp-json\/wp\/v2\/media\/47990"}],"wp:attachment":[{"href":"https:\/\/www.bzsolutions.ch\/fr\/wp-json\/wp\/v2\/media?parent=48900"}],"wp:term":[{"taxonomy":"product_brand","embeddable":true,"href":"https:\/\/www.bzsolutions.ch\/fr\/wp-json\/wp\/v2\/product_brand?post=48900"},{"taxonomy":"product_cat","embeddable":true,"href":"https:\/\/www.bzsolutions.ch\/fr\/wp-json\/wp\/v2\/product_cat?post=48900"},{"taxonomy":"product_tag","embeddable":true,"href":"https:\/\/www.bzsolutions.ch\/fr\/wp-json\/wp\/v2\/product_tag?post=48900"}],"curies":[{"name":"wp","href":"https:\/\/api.w.org\/{rel}","templated":true}]}}