{"id":48901,"date":"2024-04-03T17:36:11","date_gmt":"2024-04-03T15:36:11","guid":{"rendered":"https:\/\/www.bzsolutions.ch\/produkt\/tapis-de-course-programmable-redon-rx7700\/"},"modified":"2024-04-03T17:36:11","modified_gmt":"2024-04-03T15:36:11","slug":"tapis-de-course-programmable-redon-rx7700","status":"publish","type":"product","link":"https:\/\/www.bzsolutions.ch\/fr\/produkt\/tapis-de-course-programmable-redon-rx7700\/","title":{"rendered":"Tapis de course programmable REDON RX7700"},"content":{"rendered":"","protected":false},"excerpt":{"rendered":"<p>Floating Deck Technology Syst\u00e8me brevet\u00e9 de r\u00e9duction de la force pour l&#8217;utilisateur. (Brevet n\u00b0 10-1371607)<br \/>\nConsole LED simple avec programmes et touches de raccourci. Affichage de donn\u00e9es multiples et graphique de profil d&#8217;entra\u00eenement LED<br \/>\nSupports de t\u00e9l\u00e9vision disponibles en option<\/p>\n","protected":false},"featured_media":47985,"template":"","meta":{"inline_featured_image":false},"product_brand":[],"product_cat":[806,805,804,996],"product_tag":[808,1019],"class_list":{"0":"post-48901","1":"product","2":"type-product","3":"status-publish","4":"has-post-thumbnail","6":"product_cat-appareils-dendurance","7":"product_cat-drax-fr","8":"product_cat-fournisseur","9":"product_cat-tapis-de-course","10":"product_tag-drax-fr","11":"product_tag-tapis-de-course","12":"pa_breite-928-mm-fr","13":"pa_garantie-garantie-pieces-3-ans-pieces-electroniques-2-ans-panneau-tv-1-an-pieces-dusure-90-jours","14":"pa_geschwindigkeit-08-20-km-h-par-pas-de-01-km-h","15":"pa_gewicht-net-200-kg-brut-220-kg","16":"pa_herzfrequenz-capteur-de-frequence-cardiaque-sans-fil-compatible-avec-polar-contacts-de-frequence-cardiaque","17":"pa_hoehe-1645-mm-fr","18":"pa_konsoledisplay-affichage-de-la-console-vitesse-inclinaison-temps-distance-calories-frequence-cardiaque","19":"pa_laenge-2165-mm-fr","20":"pa_max-belastung-180-kg-397-lbs-fr","21":"pa_steigung-0-16-par-increments-de-01","22":"pa_stromversorgung-220v-50-60hz-20-amp-prise-de-courant-dediee","23":"pa_traningslevel-12-programmes-predefinis","25":"first","26":"instock","27":"product-type-simple"},"yoast_head":"<!-- This site is optimized with the Yoast SEO plugin v23.8 - https:\/\/yoast.com\/wordpress\/plugins\/seo\/ -->\n<title>Tapis de course programmable REDON RX7700 - BZ Solutions<\/title>\n<meta name=\"robots\" content=\"index, follow, max-snippet:-1, max-image-preview:large, max-video-preview:-1\" \/>\n<link rel=\"canonical\" href=\"https:\/\/www.bzsolutions.ch\/fr\/produkt\/tapis-de-course-programmable-redon-rx7700\/\" \/>\n<meta property=\"og:locale\" content=\"fr_FR\" \/>\n<meta property=\"og:type\" content=\"article\" \/>\n<meta property=\"og:title\" content=\"Tapis de course programmable REDON RX7700 - BZ Solutions\" \/>\n<meta property=\"og:description\" content=\"Floating Deck Technology Syst\u00e8me brevet\u00e9 de r\u00e9duction de la force pour l&#039;utilisateur. (Brevet n\u00b0 10-1371607) Console LED simple avec programmes et touches de raccourci. Affichage de donn\u00e9es multiples et graphique de profil d&#039;entra\u00eenement LED Supports de t\u00e9l\u00e9vision disponibles en option\" \/>\n<meta property=\"og:url\" content=\"https:\/\/www.bzsolutions.ch\/fr\/produkt\/tapis-de-course-programmable-redon-rx7700\/\" \/>\n<meta property=\"og:site_name\" content=\"BZ Solutions\" \/>\n<meta property=\"og:image\" content=\"https:\/\/www.bzsolutions.ch\/wp-content\/uploads\/2024\/04\/Drax_RX7700.png\" \/>\n\t<meta property=\"og:image:width\" content=\"1000\" \/>\n\t<meta property=\"og:image:height\" content=\"1000\" \/>\n\t<meta property=\"og:image:type\" content=\"image\/png\" \/>\n<meta name=\"twitter:card\" content=\"summary_large_image\" \/>\n<script type=\"application\/ld+json\" class=\"yoast-schema-graph\">{\"@context\":\"https:\/\/schema.org\",\"@graph\":[{\"@type\":\"WebPage\",\"@id\":\"https:\/\/www.bzsolutions.ch\/fr\/produkt\/tapis-de-course-programmable-redon-rx7700\/\",\"url\":\"https:\/\/www.bzsolutions.ch\/fr\/produkt\/tapis-de-course-programmable-redon-rx7700\/\",\"name\":\"Tapis de course programmable REDON RX7700 - BZ Solutions\",\"isPartOf\":{\"@id\":\"https:\/\/www.bzsolutions.ch\/fr\/#website\"},\"primaryImageOfPage\":{\"@id\":\"https:\/\/www.bzsolutions.ch\/fr\/produkt\/tapis-de-course-programmable-redon-rx7700\/#primaryimage\"},\"image\":{\"@id\":\"https:\/\/www.bzsolutions.ch\/fr\/produkt\/tapis-de-course-programmable-redon-rx7700\/#primaryimage\"},\"thumbnailUrl\":\"https:\/\/www.bzsolutions.ch\/wp-content\/uploads\/2024\/04\/Drax_RX7700.png\",\"datePublished\":\"2024-04-03T15:36:11+00:00\",\"dateModified\":\"2024-04-03T15:36:11+00:00\",\"breadcrumb\":{\"@id\":\"https:\/\/www.bzsolutions.ch\/fr\/produkt\/tapis-de-course-programmable-redon-rx7700\/#breadcrumb\"},\"inLanguage\":\"fr-FR\",\"potentialAction\":[{\"@type\":\"ReadAction\",\"target\":[\"https:\/\/www.bzsolutions.ch\/fr\/produkt\/tapis-de-course-programmable-redon-rx7700\/\"]}]},{\"@type\":\"ImageObject\",\"inLanguage\":\"fr-FR\",\"@id\":\"https:\/\/www.bzsolutions.ch\/fr\/produkt\/tapis-de-course-programmable-redon-rx7700\/#primaryimage\",\"url\":\"https:\/\/www.bzsolutions.ch\/wp-content\/uploads\/2024\/04\/Drax_RX7700.png\",\"contentUrl\":\"https:\/\/www.bzsolutions.ch\/wp-content\/uploads\/2024\/04\/Drax_RX7700.png\",\"width\":1000,\"height\":1000},{\"@type\":\"BreadcrumbList\",\"@id\":\"https:\/\/www.bzsolutions.ch\/fr\/produkt\/tapis-de-course-programmable-redon-rx7700\/#breadcrumb\",\"itemListElement\":[{\"@type\":\"ListItem\",\"position\":1,\"name\":\"Startseite\",\"item\":\"https:\/\/www.bzsolutions.ch\/fr\/\"},{\"@type\":\"ListItem\",\"position\":2,\"name\":\"Shop\",\"item\":\"https:\/\/www.bzsolutions.ch\/shop\/\"},{\"@type\":\"ListItem\",\"position\":3,\"name\":\"Tapis de course programmable REDON RX7700\"}]},{\"@type\":\"WebSite\",\"@id\":\"https:\/\/www.bzsolutions.ch\/fr\/#website\",\"url\":\"https:\/\/www.bzsolutions.ch\/fr\/\",\"name\":\"BZ Solutions\",\"description\":\"Total Fitness Solutions\",\"publisher\":{\"@id\":\"https:\/\/www.bzsolutions.ch\/fr\/#organization\"},\"potentialAction\":[{\"@type\":\"SearchAction\",\"target\":{\"@type\":\"EntryPoint\",\"urlTemplate\":\"https:\/\/www.bzsolutions.ch\/fr\/?s={search_term_string}\"},\"query-input\":{\"@type\":\"PropertyValueSpecification\",\"valueRequired\":true,\"valueName\":\"search_term_string\"}}],\"inLanguage\":\"fr-FR\"},{\"@type\":\"Organization\",\"@id\":\"https:\/\/www.bzsolutions.ch\/fr\/#organization\",\"name\":\"BZ Solutions\",\"url\":\"https:\/\/www.bzsolutions.ch\/fr\/\",\"logo\":{\"@type\":\"ImageObject\",\"inLanguage\":\"fr-FR\",\"@id\":\"https:\/\/www.bzsolutions.ch\/fr\/#\/schema\/logo\/image\/\",\"url\":\"https:\/\/www.bzsolutions.ch\/wp-content\/uploads\/2024\/03\/logo_bz-solutions.png\",\"contentUrl\":\"https:\/\/www.bzsolutions.ch\/wp-content\/uploads\/2024\/03\/logo_bz-solutions.png\",\"width\":600,\"height\":136,\"caption\":\"BZ Solutions\"},\"image\":{\"@id\":\"https:\/\/www.bzsolutions.ch\/fr\/#\/schema\/logo\/image\/\"}}]}<\/script>\n<!-- \/ Yoast SEO plugin. -->","yoast_head_json":{"title":"Tapis de course programmable REDON RX7700 - BZ Solutions","robots":{"index":"index","follow":"follow","max-snippet":"max-snippet:-1","max-image-preview":"max-image-preview:large","max-video-preview":"max-video-preview:-1"},"canonical":"https:\/\/www.bzsolutions.ch\/fr\/produkt\/tapis-de-course-programmable-redon-rx7700\/","og_locale":"fr_FR","og_type":"article","og_title":"Tapis de course programmable REDON RX7700 - BZ Solutions","og_description":"Floating Deck Technology Syst\u00e8me brevet\u00e9 de r\u00e9duction de la force pour l'utilisateur. (Brevet n\u00b0 10-1371607) Console LED simple avec programmes et touches de raccourci. Affichage de donn\u00e9es multiples et graphique de profil d'entra\u00eenement LED Supports de t\u00e9l\u00e9vision disponibles en option","og_url":"https:\/\/www.bzsolutions.ch\/fr\/produkt\/tapis-de-course-programmable-redon-rx7700\/","og_site_name":"BZ Solutions","og_image":[{"width":1000,"height":1000,"url":"https:\/\/www.bzsolutions.ch\/wp-content\/uploads\/2024\/04\/Drax_RX7700.png","type":"image\/png"}],"twitter_card":"summary_large_image","schema":{"@context":"https:\/\/schema.org","@graph":[{"@type":"WebPage","@id":"https:\/\/www.bzsolutions.ch\/fr\/produkt\/tapis-de-course-programmable-redon-rx7700\/","url":"https:\/\/www.bzsolutions.ch\/fr\/produkt\/tapis-de-course-programmable-redon-rx7700\/","name":"Tapis de course programmable REDON RX7700 - BZ Solutions","isPartOf":{"@id":"https:\/\/www.bzsolutions.ch\/fr\/#website"},"primaryImageOfPage":{"@id":"https:\/\/www.bzsolutions.ch\/fr\/produkt\/tapis-de-course-programmable-redon-rx7700\/#primaryimage"},"image":{"@id":"https:\/\/www.bzsolutions.ch\/fr\/produkt\/tapis-de-course-programmable-redon-rx7700\/#primaryimage"},"thumbnailUrl":"https:\/\/www.bzsolutions.ch\/wp-content\/uploads\/2024\/04\/Drax_RX7700.png","datePublished":"2024-04-03T15:36:11+00:00","dateModified":"2024-04-03T15:36:11+00:00","breadcrumb":{"@id":"https:\/\/www.bzsolutions.ch\/fr\/produkt\/tapis-de-course-programmable-redon-rx7700\/#breadcrumb"},"inLanguage":"fr-FR","potentialAction":[{"@type":"ReadAction","target":["https:\/\/www.bzsolutions.ch\/fr\/produkt\/tapis-de-course-programmable-redon-rx7700\/"]}]},{"@type":"ImageObject","inLanguage":"fr-FR","@id":"https:\/\/www.bzsolutions.ch\/fr\/produkt\/tapis-de-course-programmable-redon-rx7700\/#primaryimage","url":"https:\/\/www.bzsolutions.ch\/wp-content\/uploads\/2024\/04\/Drax_RX7700.png","contentUrl":"https:\/\/www.bzsolutions.ch\/wp-content\/uploads\/2024\/04\/Drax_RX7700.png","width":1000,"height":1000},{"@type":"BreadcrumbList","@id":"https:\/\/www.bzsolutions.ch\/fr\/produkt\/tapis-de-course-programmable-redon-rx7700\/#breadcrumb","itemListElement":[{"@type":"ListItem","position":1,"name":"Startseite","item":"https:\/\/www.bzsolutions.ch\/fr\/"},{"@type":"ListItem","position":2,"name":"Shop","item":"https:\/\/www.bzsolutions.ch\/shop\/"},{"@type":"ListItem","position":3,"name":"Tapis de course programmable REDON RX7700"}]},{"@type":"WebSite","@id":"https:\/\/www.bzsolutions.ch\/fr\/#website","url":"https:\/\/www.bzsolutions.ch\/fr\/","name":"BZ Solutions","description":"Total Fitness Solutions","publisher":{"@id":"https:\/\/www.bzsolutions.ch\/fr\/#organization"},"potentialAction":[{"@type":"SearchAction","target":{"@type":"EntryPoint","urlTemplate":"https:\/\/www.bzsolutions.ch\/fr\/?s={search_term_string}"},"query-input":{"@type":"PropertyValueSpecification","valueRequired":true,"valueName":"search_term_string"}}],"inLanguage":"fr-FR"},{"@type":"Organization","@id":"https:\/\/www.bzsolutions.ch\/fr\/#organization","name":"BZ Solutions","url":"https:\/\/www.bzsolutions.ch\/fr\/","logo":{"@type":"ImageObject","inLanguage":"fr-FR","@id":"https:\/\/www.bzsolutions.ch\/fr\/#\/schema\/logo\/image\/","url":"https:\/\/www.bzsolutions.ch\/wp-content\/uploads\/2024\/03\/logo_bz-solutions.png","contentUrl":"https:\/\/www.bzsolutions.ch\/wp-content\/uploads\/2024\/03\/logo_bz-solutions.png","width":600,"height":136,"caption":"BZ Solutions"},"image":{"@id":"https:\/\/www.bzsolutions.ch\/fr\/#\/schema\/logo\/image\/"}}]}},"_links":{"self":[{"href":"https:\/\/www.bzsolutions.ch\/fr\/wp-json\/wp\/v2\/product\/48901","targetHints":{"allow":["GET"]}}],"collection":[{"href":"https:\/\/www.bzsolutions.ch\/fr\/wp-json\/wp\/v2\/product"}],"about":[{"href":"https:\/\/www.bzsolutions.ch\/fr\/wp-json\/wp\/v2\/types\/product"}],"wp:featuredmedia":[{"embeddable":true,"href":"https:\/\/www.bzsolutions.ch\/fr\/wp-json\/wp\/v2\/media\/47985"}],"wp:attachment":[{"href":"https:\/\/www.bzsolutions.ch\/fr\/wp-json\/wp\/v2\/media?parent=48901"}],"wp:term":[{"taxonomy":"product_brand","embeddable":true,"href":"https:\/\/www.bzsolutions.ch\/fr\/wp-json\/wp\/v2\/product_brand?post=48901"},{"taxonomy":"product_cat","embeddable":true,"href":"https:\/\/www.bzsolutions.ch\/fr\/wp-json\/wp\/v2\/product_cat?post=48901"},{"taxonomy":"product_tag","embeddable":true,"href":"https:\/\/www.bzsolutions.ch\/fr\/wp-json\/wp\/v2\/product_tag?post=48901"}],"curies":[{"name":"wp","href":"https:\/\/api.w.org\/{rel}","templated":true}]}}