{"id":48906,"date":"2024-04-03T17:34:52","date_gmt":"2024-04-03T15:34:52","guid":{"rendered":"https:\/\/www.bzsolutions.ch\/produkt\/velo-allonge-tbr9000\/"},"modified":"2024-04-03T17:34:52","modified_gmt":"2024-04-03T15:34:52","slug":"velo-allonge-tbr9000","status":"publish","type":"product","link":"https:\/\/www.bzsolutions.ch\/fr\/produkt\/velo-allonge-tbr9000\/","title":{"rendered":"V\u00c9LO ALLONG\u00c9 TBR9000"},"content":{"rendered":"<p>01. UN DESIGN BIEN PENS\u00c9<br \/>\nUn si\u00e8ge ergonomique nouveau et am\u00e9lior\u00e9 qui s&#8217;adapte aux accessoires de l&#8217;utilisateur pour maximiser l&#8217;efficacit\u00e9 de l&#8217;entra\u00eenement.<\/p>\n<p>02. MONITEUR DE FR\u00c9QUENCE CARDIAQUE<br \/>\nProgramme d&#8217;entra\u00eenement pr\u00e9r\u00e9gl\u00e9 avec capteur de fr\u00e9quence cardiaque sur le<br \/>\nsur la console du v\u00e9lo.<\/p>\n<p>03. SYST\u00c8ME D&#8217;ENTRA\u00ceNEMENT PAR COURROIE SILENCIEUX<br \/>\nUtilise une courroie haute performance qui fait moins de bruit pendant l&#8217;entra\u00eenement sur le v\u00e9lo et<br \/>\nmouvements souples lors de l&#8217;entra\u00eenement sur le v\u00e9lo.<\/p>\n<p>04. SI\u00c8GE FACILEMENT R\u00c9GLABLE<br \/>\nLe v\u00e9lo droit utilise un design de type &#8220;lever pull&#8221; pour un r\u00e9glage facile de la position assise.<br \/>\nLe v\u00e9lo couch\u00e9 utilise un design de type &#8220;sliding rack&#8221; pour la meilleure position assise.<br \/>\nposition.<\/p>\n","protected":false},"excerpt":{"rendered":"<p>Acc\u00e8s facile : conception \u00e9tag\u00e9e et guidon pour un acc\u00e8s facile<br \/>\nCommandes rapides : changement d&#8217;\u00e9tage rapide sur le guidon<br \/>\nConfort : si\u00e8ge profil\u00e9 et coussin dorsal pour une conduite confortable<br \/>\nRangement des accessoires et porte-bouteilles<\/p>\n","protected":false},"featured_media":47978,"template":"","meta":{"inline_featured_image":false},"product_brand":[],"product_cat":[806,805,1271,804],"product_tag":[808,1248],"class_list":{"0":"post-48906","1":"product","2":"type-product","3":"status-publish","4":"has-post-thumbnail","6":"product_cat-appareils-dendurance","7":"product_cat-drax-fr","8":"product_cat-ergometre-couche","9":"product_cat-fournisseur","10":"product_tag-drax-fr","11":"product_tag-ergometre","12":"pa_antriebssystem-systeme-de-generateur-hybride","13":"pa_breite-590-mm-fr","14":"pa_display-ecran-lcd-156-pouces-ecran-tactile-type-capacitif-fr","15":"pa_garantie-garantie-pieces-2-ans-panneau-tv-1-an-pieces-dusure-90-jours","16":"pa_gewicht-70-kg-net-80-kg-brut","17":"pa_herzfrequenz-capteur-de-frequence-cardiaque-sans-fil-compatible-avec-polar-contacts-de-frequence-cardiaque","18":"pa_hoehe-1396-mm-fr","19":"pa_konsoledisplay-temps-distance-calories-frequence-cardiaque","20":"pa_laenge-1695-mmu73i73v73-fr","21":"pa_max-belastung-150-kg-330-lbs-fr","22":"pa_stromversorgung-220v-50-60hz-ecran-lcd","23":"pa_traningslevel-25-niveau-dexercice-fr","25":"first","26":"instock","27":"product-type-simple"},"yoast_head":"<!-- This site is optimized with the Yoast SEO plugin v23.8 - https:\/\/yoast.com\/wordpress\/plugins\/seo\/ -->\n<title>V\u00c9LO ALLONG\u00c9 TBR9000 - BZ Solutions<\/title>\n<meta name=\"robots\" content=\"index, follow, max-snippet:-1, max-image-preview:large, max-video-preview:-1\" \/>\n<link rel=\"canonical\" href=\"https:\/\/www.bzsolutions.ch\/fr\/produkt\/velo-allonge-tbr9000\/\" \/>\n<meta property=\"og:locale\" content=\"fr_FR\" \/>\n<meta property=\"og:type\" content=\"article\" \/>\n<meta property=\"og:title\" content=\"V\u00c9LO ALLONG\u00c9 TBR9000 - BZ Solutions\" \/>\n<meta property=\"og:description\" content=\"Acc\u00e8s facile : conception \u00e9tag\u00e9e et guidon pour un acc\u00e8s facile Commandes rapides : changement d&#039;\u00e9tage rapide sur le guidon Confort : si\u00e8ge profil\u00e9 et coussin dorsal pour une conduite confortable Rangement des accessoires et porte-bouteilles\" \/>\n<meta property=\"og:url\" content=\"https:\/\/www.bzsolutions.ch\/fr\/produkt\/velo-allonge-tbr9000\/\" \/>\n<meta property=\"og:site_name\" content=\"BZ Solutions\" \/>\n<meta property=\"og:image\" content=\"https:\/\/www.bzsolutions.ch\/wp-content\/uploads\/2024\/04\/Drax_TBR9000-1.png\" \/>\n\t<meta property=\"og:image:width\" content=\"1000\" \/>\n\t<meta property=\"og:image:height\" content=\"1000\" \/>\n\t<meta property=\"og:image:type\" content=\"image\/png\" \/>\n<meta name=\"twitter:card\" content=\"summary_large_image\" \/>\n<meta name=\"twitter:label1\" content=\"Dur\u00e9e de lecture estim\u00e9e\" \/>\n\t<meta name=\"twitter:data1\" content=\"1 minute\" \/>\n<script type=\"application\/ld+json\" class=\"yoast-schema-graph\">{\"@context\":\"https:\/\/schema.org\",\"@graph\":[{\"@type\":\"WebPage\",\"@id\":\"https:\/\/www.bzsolutions.ch\/fr\/produkt\/velo-allonge-tbr9000\/\",\"url\":\"https:\/\/www.bzsolutions.ch\/fr\/produkt\/velo-allonge-tbr9000\/\",\"name\":\"V\u00c9LO ALLONG\u00c9 TBR9000 - BZ Solutions\",\"isPartOf\":{\"@id\":\"https:\/\/www.bzsolutions.ch\/fr\/#website\"},\"primaryImageOfPage\":{\"@id\":\"https:\/\/www.bzsolutions.ch\/fr\/produkt\/velo-allonge-tbr9000\/#primaryimage\"},\"image\":{\"@id\":\"https:\/\/www.bzsolutions.ch\/fr\/produkt\/velo-allonge-tbr9000\/#primaryimage\"},\"thumbnailUrl\":\"https:\/\/www.bzsolutions.ch\/wp-content\/uploads\/2024\/04\/Drax_TBR9000-1.png\",\"datePublished\":\"2024-04-03T15:34:52+00:00\",\"dateModified\":\"2024-04-03T15:34:52+00:00\",\"breadcrumb\":{\"@id\":\"https:\/\/www.bzsolutions.ch\/fr\/produkt\/velo-allonge-tbr9000\/#breadcrumb\"},\"inLanguage\":\"fr-FR\",\"potentialAction\":[{\"@type\":\"ReadAction\",\"target\":[\"https:\/\/www.bzsolutions.ch\/fr\/produkt\/velo-allonge-tbr9000\/\"]}]},{\"@type\":\"ImageObject\",\"inLanguage\":\"fr-FR\",\"@id\":\"https:\/\/www.bzsolutions.ch\/fr\/produkt\/velo-allonge-tbr9000\/#primaryimage\",\"url\":\"https:\/\/www.bzsolutions.ch\/wp-content\/uploads\/2024\/04\/Drax_TBR9000-1.png\",\"contentUrl\":\"https:\/\/www.bzsolutions.ch\/wp-content\/uploads\/2024\/04\/Drax_TBR9000-1.png\",\"width\":1000,\"height\":1000},{\"@type\":\"BreadcrumbList\",\"@id\":\"https:\/\/www.bzsolutions.ch\/fr\/produkt\/velo-allonge-tbr9000\/#breadcrumb\",\"itemListElement\":[{\"@type\":\"ListItem\",\"position\":1,\"name\":\"Startseite\",\"item\":\"https:\/\/www.bzsolutions.ch\/fr\/\"},{\"@type\":\"ListItem\",\"position\":2,\"name\":\"Shop\",\"item\":\"https:\/\/www.bzsolutions.ch\/shop\/\"},{\"@type\":\"ListItem\",\"position\":3,\"name\":\"V\u00c9LO ALLONG\u00c9 TBR9000\"}]},{\"@type\":\"WebSite\",\"@id\":\"https:\/\/www.bzsolutions.ch\/fr\/#website\",\"url\":\"https:\/\/www.bzsolutions.ch\/fr\/\",\"name\":\"BZ Solutions\",\"description\":\"Total Fitness Solutions\",\"publisher\":{\"@id\":\"https:\/\/www.bzsolutions.ch\/fr\/#organization\"},\"potentialAction\":[{\"@type\":\"SearchAction\",\"target\":{\"@type\":\"EntryPoint\",\"urlTemplate\":\"https:\/\/www.bzsolutions.ch\/fr\/?s={search_term_string}\"},\"query-input\":{\"@type\":\"PropertyValueSpecification\",\"valueRequired\":true,\"valueName\":\"search_term_string\"}}],\"inLanguage\":\"fr-FR\"},{\"@type\":\"Organization\",\"@id\":\"https:\/\/www.bzsolutions.ch\/fr\/#organization\",\"name\":\"BZ Solutions\",\"url\":\"https:\/\/www.bzsolutions.ch\/fr\/\",\"logo\":{\"@type\":\"ImageObject\",\"inLanguage\":\"fr-FR\",\"@id\":\"https:\/\/www.bzsolutions.ch\/fr\/#\/schema\/logo\/image\/\",\"url\":\"https:\/\/www.bzsolutions.ch\/wp-content\/uploads\/2024\/03\/logo_bz-solutions.png\",\"contentUrl\":\"https:\/\/www.bzsolutions.ch\/wp-content\/uploads\/2024\/03\/logo_bz-solutions.png\",\"width\":600,\"height\":136,\"caption\":\"BZ Solutions\"},\"image\":{\"@id\":\"https:\/\/www.bzsolutions.ch\/fr\/#\/schema\/logo\/image\/\"}}]}<\/script>\n<!-- \/ Yoast SEO plugin. -->","yoast_head_json":{"title":"V\u00c9LO ALLONG\u00c9 TBR9000 - BZ Solutions","robots":{"index":"index","follow":"follow","max-snippet":"max-snippet:-1","max-image-preview":"max-image-preview:large","max-video-preview":"max-video-preview:-1"},"canonical":"https:\/\/www.bzsolutions.ch\/fr\/produkt\/velo-allonge-tbr9000\/","og_locale":"fr_FR","og_type":"article","og_title":"V\u00c9LO ALLONG\u00c9 TBR9000 - BZ Solutions","og_description":"Acc\u00e8s facile : conception \u00e9tag\u00e9e et guidon pour un acc\u00e8s facile Commandes rapides : changement d'\u00e9tage rapide sur le guidon Confort : si\u00e8ge profil\u00e9 et coussin dorsal pour une conduite confortable Rangement des accessoires et porte-bouteilles","og_url":"https:\/\/www.bzsolutions.ch\/fr\/produkt\/velo-allonge-tbr9000\/","og_site_name":"BZ Solutions","og_image":[{"width":1000,"height":1000,"url":"https:\/\/www.bzsolutions.ch\/wp-content\/uploads\/2024\/04\/Drax_TBR9000-1.png","type":"image\/png"}],"twitter_card":"summary_large_image","twitter_misc":{"Dur\u00e9e de lecture estim\u00e9e":"1 minute"},"schema":{"@context":"https:\/\/schema.org","@graph":[{"@type":"WebPage","@id":"https:\/\/www.bzsolutions.ch\/fr\/produkt\/velo-allonge-tbr9000\/","url":"https:\/\/www.bzsolutions.ch\/fr\/produkt\/velo-allonge-tbr9000\/","name":"V\u00c9LO ALLONG\u00c9 TBR9000 - BZ Solutions","isPartOf":{"@id":"https:\/\/www.bzsolutions.ch\/fr\/#website"},"primaryImageOfPage":{"@id":"https:\/\/www.bzsolutions.ch\/fr\/produkt\/velo-allonge-tbr9000\/#primaryimage"},"image":{"@id":"https:\/\/www.bzsolutions.ch\/fr\/produkt\/velo-allonge-tbr9000\/#primaryimage"},"thumbnailUrl":"https:\/\/www.bzsolutions.ch\/wp-content\/uploads\/2024\/04\/Drax_TBR9000-1.png","datePublished":"2024-04-03T15:34:52+00:00","dateModified":"2024-04-03T15:34:52+00:00","breadcrumb":{"@id":"https:\/\/www.bzsolutions.ch\/fr\/produkt\/velo-allonge-tbr9000\/#breadcrumb"},"inLanguage":"fr-FR","potentialAction":[{"@type":"ReadAction","target":["https:\/\/www.bzsolutions.ch\/fr\/produkt\/velo-allonge-tbr9000\/"]}]},{"@type":"ImageObject","inLanguage":"fr-FR","@id":"https:\/\/www.bzsolutions.ch\/fr\/produkt\/velo-allonge-tbr9000\/#primaryimage","url":"https:\/\/www.bzsolutions.ch\/wp-content\/uploads\/2024\/04\/Drax_TBR9000-1.png","contentUrl":"https:\/\/www.bzsolutions.ch\/wp-content\/uploads\/2024\/04\/Drax_TBR9000-1.png","width":1000,"height":1000},{"@type":"BreadcrumbList","@id":"https:\/\/www.bzsolutions.ch\/fr\/produkt\/velo-allonge-tbr9000\/#breadcrumb","itemListElement":[{"@type":"ListItem","position":1,"name":"Startseite","item":"https:\/\/www.bzsolutions.ch\/fr\/"},{"@type":"ListItem","position":2,"name":"Shop","item":"https:\/\/www.bzsolutions.ch\/shop\/"},{"@type":"ListItem","position":3,"name":"V\u00c9LO ALLONG\u00c9 TBR9000"}]},{"@type":"WebSite","@id":"https:\/\/www.bzsolutions.ch\/fr\/#website","url":"https:\/\/www.bzsolutions.ch\/fr\/","name":"BZ Solutions","description":"Total Fitness Solutions","publisher":{"@id":"https:\/\/www.bzsolutions.ch\/fr\/#organization"},"potentialAction":[{"@type":"SearchAction","target":{"@type":"EntryPoint","urlTemplate":"https:\/\/www.bzsolutions.ch\/fr\/?s={search_term_string}"},"query-input":{"@type":"PropertyValueSpecification","valueRequired":true,"valueName":"search_term_string"}}],"inLanguage":"fr-FR"},{"@type":"Organization","@id":"https:\/\/www.bzsolutions.ch\/fr\/#organization","name":"BZ Solutions","url":"https:\/\/www.bzsolutions.ch\/fr\/","logo":{"@type":"ImageObject","inLanguage":"fr-FR","@id":"https:\/\/www.bzsolutions.ch\/fr\/#\/schema\/logo\/image\/","url":"https:\/\/www.bzsolutions.ch\/wp-content\/uploads\/2024\/03\/logo_bz-solutions.png","contentUrl":"https:\/\/www.bzsolutions.ch\/wp-content\/uploads\/2024\/03\/logo_bz-solutions.png","width":600,"height":136,"caption":"BZ Solutions"},"image":{"@id":"https:\/\/www.bzsolutions.ch\/fr\/#\/schema\/logo\/image\/"}}]}},"_links":{"self":[{"href":"https:\/\/www.bzsolutions.ch\/fr\/wp-json\/wp\/v2\/product\/48906","targetHints":{"allow":["GET"]}}],"collection":[{"href":"https:\/\/www.bzsolutions.ch\/fr\/wp-json\/wp\/v2\/product"}],"about":[{"href":"https:\/\/www.bzsolutions.ch\/fr\/wp-json\/wp\/v2\/types\/product"}],"wp:featuredmedia":[{"embeddable":true,"href":"https:\/\/www.bzsolutions.ch\/fr\/wp-json\/wp\/v2\/media\/47978"}],"wp:attachment":[{"href":"https:\/\/www.bzsolutions.ch\/fr\/wp-json\/wp\/v2\/media?parent=48906"}],"wp:term":[{"taxonomy":"product_brand","embeddable":true,"href":"https:\/\/www.bzsolutions.ch\/fr\/wp-json\/wp\/v2\/product_brand?post=48906"},{"taxonomy":"product_cat","embeddable":true,"href":"https:\/\/www.bzsolutions.ch\/fr\/wp-json\/wp\/v2\/product_cat?post=48906"},{"taxonomy":"product_tag","embeddable":true,"href":"https:\/\/www.bzsolutions.ch\/fr\/wp-json\/wp\/v2\/product_tag?post=48906"}],"curies":[{"name":"wp","href":"https:\/\/api.w.org\/{rel}","templated":true}]}}