{"id":48907,"date":"2024-04-03T17:34:52","date_gmt":"2024-04-03T15:34:52","guid":{"rendered":"https:\/\/www.bzsolutions.ch\/produkt\/tapis-de-course-programmable-redon-nr25sxa\/"},"modified":"2024-04-03T17:34:52","modified_gmt":"2024-04-03T15:34:52","slug":"tapis-de-course-programmable-redon-nr25sxa","status":"publish","type":"product","link":"https:\/\/www.bzsolutions.ch\/fr\/produkt\/tapis-de-course-programmable-redon-nr25sxa\/","title":{"rendered":"Tapis de course programmable REDON NR25SXA"},"content":{"rendered":"<p>SPEED SYNC D\u00e9tecte la position de l&#8217;utilisateur et adapte automatiquement la vitesse.<br \/>\nDivertissement \u00c9cran de 21,5 pouces (supportant la HDTV)<br \/>\nSyst\u00e8me d&#8217;\u00e9cran tactile avec Android OS<br \/>\nMiroir de l&#8217;\u00e9cran du smartphone vers le moniteur (Android &amp; iOS)<br \/>\nPort de charge USB, prise casque filaire, connectivit\u00e9 Bluetooth (uniquement pour les casques sans fil)<br \/>\nVues virtuelles des rues de 8 villes europ\u00e9ennes<br \/>\nConnectivit\u00e9 Internet Connectivit\u00e9 filaire et sans fil<br \/>\nAffichage de la console Vitesse, inclinaison, temps, distance, calories, fr\u00e9quence cardiaque<br \/>\nProgramme d&#8217;entra\u00eenement 12 programmes pr\u00e9d\u00e9finis<br \/>\nFr\u00e9quence cardiaque Fr\u00e9quence cardiaque sans fil compatible avec Polar<\/p>\n","protected":false},"excerpt":{"rendered":"<p>SPEED SYNC D\u00e9tecte la position de l&#8217;utilisateur et adapte automatiquement la vitesse.<br \/>\nDivertissement \u00c9cran de 21,5 pouces (supportant la HDTV)<br \/>\nSyst\u00e8me d&#8217;\u00e9cran tactile avec Android OS<br \/>\nMiroir de l&#8217;\u00e9cran du smartphone vers le moniteur (Android &amp; iOS)<br \/>\nPort de charge USB, prise casque filaire, connectivit\u00e9 Bluetooth (uniquement pour les casques sans fil)<br \/>\nVues virtuelles des rues de 8 villes europ\u00e9ennes<br \/>\nConnectivit\u00e9 Internet Connectivit\u00e9 filaire et sans fil<br \/>\nAffichage de la console Vitesse, inclinaison, temps, distance, calories, fr\u00e9quence cardiaque<br \/>\nProgramme d&#8217;entra\u00eenement 12 programmes pr\u00e9d\u00e9finis<br \/>\nFr\u00e9quence cardiaque Fr\u00e9quence cardiaque sans fil compatible avec Polar<\/p>\n","protected":false},"featured_media":47982,"template":"","meta":{"inline_featured_image":false},"product_brand":[],"product_cat":[806,805,804,996],"product_tag":[808,1019],"class_list":{"0":"post-48907","1":"product","2":"type-product","3":"status-publish","4":"has-post-thumbnail","6":"product_cat-appareils-dendurance","7":"product_cat-drax-fr","8":"product_cat-fournisseur","9":"product_cat-tapis-de-course","10":"product_tag-drax-fr","11":"product_tag-tapis-de-course","12":"pa_breite-928-mm-fr","13":"pa_garantie-garantie-pieces-3-ans-pieces-electroniques-2-ans-panneau-tv-1-an-pieces-dusure-90-jours","14":"pa_geschwindigkeit-08-20-km-h-par-pas-de-01-km-h","15":"pa_gewicht-net-200-kg-brut-220-kg","16":"pa_herzfrequenz-capteur-de-frequence-cardiaque-sans-fil-compatible-avec-polar-contacts-de-frequence-cardiaque","17":"pa_hoehe-1645-mm-fr","18":"pa_konsoledisplay-affichage-de-la-console-vitesse-inclinaison-temps-distance-calories-frequence-cardiaque","19":"pa_laenge-2165-mm-fr","20":"pa_max-belastung-180-kg-397-lbs-fr","21":"pa_steigung-0-16-par-increments-de-01","22":"pa_stromversorgung-220v-50-60hz-20-amp-prise-de-courant-dediee","23":"pa_traningslevel-12-programmes-predefinis","25":"first","26":"instock","27":"product-type-simple"},"yoast_head":"<!-- This site is optimized with the Yoast SEO plugin v23.8 - https:\/\/yoast.com\/wordpress\/plugins\/seo\/ -->\n<title>Tapis de course programmable REDON NR25SXA - BZ Solutions<\/title>\n<meta name=\"robots\" content=\"index, follow, max-snippet:-1, max-image-preview:large, max-video-preview:-1\" \/>\n<link rel=\"canonical\" href=\"https:\/\/www.bzsolutions.ch\/fr\/produkt\/tapis-de-course-programmable-redon-nr25sxa\/\" \/>\n<meta property=\"og:locale\" content=\"fr_FR\" \/>\n<meta property=\"og:type\" content=\"article\" \/>\n<meta property=\"og:title\" content=\"Tapis de course programmable REDON NR25SXA - BZ Solutions\" \/>\n<meta property=\"og:description\" content=\"SPEED SYNC D\u00e9tecte la position de l&#039;utilisateur et adapte automatiquement la vitesse. Divertissement \u00c9cran de 21,5 pouces (supportant la HDTV) Syst\u00e8me d&#039;\u00e9cran tactile avec Android OS Miroir de l&#039;\u00e9cran du smartphone vers le moniteur (Android &amp; iOS) Port de charge USB, prise casque filaire, connectivit\u00e9 Bluetooth (uniquement pour les casques sans fil) Vues virtuelles des rues de 8 villes europ\u00e9ennes Connectivit\u00e9 Internet Connectivit\u00e9 filaire et sans fil Affichage de la console Vitesse, inclinaison, temps, distance, calories, fr\u00e9quence cardiaque Programme d&#039;entra\u00eenement 12 programmes pr\u00e9d\u00e9finis Fr\u00e9quence cardiaque Fr\u00e9quence cardiaque sans fil compatible avec Polar\" \/>\n<meta property=\"og:url\" content=\"https:\/\/www.bzsolutions.ch\/fr\/produkt\/tapis-de-course-programmable-redon-nr25sxa\/\" \/>\n<meta property=\"og:site_name\" content=\"BZ Solutions\" \/>\n<meta property=\"og:image\" content=\"https:\/\/www.bzsolutions.ch\/wp-content\/uploads\/2024\/04\/Drax_NR30X-1.png\" \/>\n\t<meta property=\"og:image:width\" content=\"1000\" \/>\n\t<meta property=\"og:image:height\" content=\"1000\" \/>\n\t<meta property=\"og:image:type\" content=\"image\/png\" \/>\n<meta name=\"twitter:card\" content=\"summary_large_image\" \/>\n<meta name=\"twitter:label1\" content=\"Dur\u00e9e de lecture estim\u00e9e\" \/>\n\t<meta name=\"twitter:data1\" content=\"1 minute\" \/>\n<script type=\"application\/ld+json\" class=\"yoast-schema-graph\">{\"@context\":\"https:\/\/schema.org\",\"@graph\":[{\"@type\":\"WebPage\",\"@id\":\"https:\/\/www.bzsolutions.ch\/fr\/produkt\/tapis-de-course-programmable-redon-nr25sxa\/\",\"url\":\"https:\/\/www.bzsolutions.ch\/fr\/produkt\/tapis-de-course-programmable-redon-nr25sxa\/\",\"name\":\"Tapis de course programmable REDON NR25SXA - BZ Solutions\",\"isPartOf\":{\"@id\":\"https:\/\/www.bzsolutions.ch\/fr\/#website\"},\"primaryImageOfPage\":{\"@id\":\"https:\/\/www.bzsolutions.ch\/fr\/produkt\/tapis-de-course-programmable-redon-nr25sxa\/#primaryimage\"},\"image\":{\"@id\":\"https:\/\/www.bzsolutions.ch\/fr\/produkt\/tapis-de-course-programmable-redon-nr25sxa\/#primaryimage\"},\"thumbnailUrl\":\"https:\/\/www.bzsolutions.ch\/wp-content\/uploads\/2024\/04\/Drax_NR30X-1.png\",\"datePublished\":\"2024-04-03T15:34:52+00:00\",\"dateModified\":\"2024-04-03T15:34:52+00:00\",\"breadcrumb\":{\"@id\":\"https:\/\/www.bzsolutions.ch\/fr\/produkt\/tapis-de-course-programmable-redon-nr25sxa\/#breadcrumb\"},\"inLanguage\":\"fr-FR\",\"potentialAction\":[{\"@type\":\"ReadAction\",\"target\":[\"https:\/\/www.bzsolutions.ch\/fr\/produkt\/tapis-de-course-programmable-redon-nr25sxa\/\"]}]},{\"@type\":\"ImageObject\",\"inLanguage\":\"fr-FR\",\"@id\":\"https:\/\/www.bzsolutions.ch\/fr\/produkt\/tapis-de-course-programmable-redon-nr25sxa\/#primaryimage\",\"url\":\"https:\/\/www.bzsolutions.ch\/wp-content\/uploads\/2024\/04\/Drax_NR30X-1.png\",\"contentUrl\":\"https:\/\/www.bzsolutions.ch\/wp-content\/uploads\/2024\/04\/Drax_NR30X-1.png\",\"width\":1000,\"height\":1000},{\"@type\":\"BreadcrumbList\",\"@id\":\"https:\/\/www.bzsolutions.ch\/fr\/produkt\/tapis-de-course-programmable-redon-nr25sxa\/#breadcrumb\",\"itemListElement\":[{\"@type\":\"ListItem\",\"position\":1,\"name\":\"Startseite\",\"item\":\"https:\/\/www.bzsolutions.ch\/fr\/\"},{\"@type\":\"ListItem\",\"position\":2,\"name\":\"Shop\",\"item\":\"https:\/\/www.bzsolutions.ch\/shop\/\"},{\"@type\":\"ListItem\",\"position\":3,\"name\":\"Tapis de course programmable REDON NR25SXA\"}]},{\"@type\":\"WebSite\",\"@id\":\"https:\/\/www.bzsolutions.ch\/fr\/#website\",\"url\":\"https:\/\/www.bzsolutions.ch\/fr\/\",\"name\":\"BZ Solutions\",\"description\":\"Total Fitness Solutions\",\"publisher\":{\"@id\":\"https:\/\/www.bzsolutions.ch\/fr\/#organization\"},\"potentialAction\":[{\"@type\":\"SearchAction\",\"target\":{\"@type\":\"EntryPoint\",\"urlTemplate\":\"https:\/\/www.bzsolutions.ch\/fr\/?s={search_term_string}\"},\"query-input\":{\"@type\":\"PropertyValueSpecification\",\"valueRequired\":true,\"valueName\":\"search_term_string\"}}],\"inLanguage\":\"fr-FR\"},{\"@type\":\"Organization\",\"@id\":\"https:\/\/www.bzsolutions.ch\/fr\/#organization\",\"name\":\"BZ Solutions\",\"url\":\"https:\/\/www.bzsolutions.ch\/fr\/\",\"logo\":{\"@type\":\"ImageObject\",\"inLanguage\":\"fr-FR\",\"@id\":\"https:\/\/www.bzsolutions.ch\/fr\/#\/schema\/logo\/image\/\",\"url\":\"https:\/\/www.bzsolutions.ch\/wp-content\/uploads\/2024\/03\/logo_bz-solutions.png\",\"contentUrl\":\"https:\/\/www.bzsolutions.ch\/wp-content\/uploads\/2024\/03\/logo_bz-solutions.png\",\"width\":600,\"height\":136,\"caption\":\"BZ Solutions\"},\"image\":{\"@id\":\"https:\/\/www.bzsolutions.ch\/fr\/#\/schema\/logo\/image\/\"}}]}<\/script>\n<!-- \/ Yoast SEO plugin. -->","yoast_head_json":{"title":"Tapis de course programmable REDON NR25SXA - BZ Solutions","robots":{"index":"index","follow":"follow","max-snippet":"max-snippet:-1","max-image-preview":"max-image-preview:large","max-video-preview":"max-video-preview:-1"},"canonical":"https:\/\/www.bzsolutions.ch\/fr\/produkt\/tapis-de-course-programmable-redon-nr25sxa\/","og_locale":"fr_FR","og_type":"article","og_title":"Tapis de course programmable REDON NR25SXA - BZ Solutions","og_description":"SPEED SYNC D\u00e9tecte la position de l'utilisateur et adapte automatiquement la vitesse. Divertissement \u00c9cran de 21,5 pouces (supportant la HDTV) Syst\u00e8me d'\u00e9cran tactile avec Android OS Miroir de l'\u00e9cran du smartphone vers le moniteur (Android &amp; iOS) Port de charge USB, prise casque filaire, connectivit\u00e9 Bluetooth (uniquement pour les casques sans fil) Vues virtuelles des rues de 8 villes europ\u00e9ennes Connectivit\u00e9 Internet Connectivit\u00e9 filaire et sans fil Affichage de la console Vitesse, inclinaison, temps, distance, calories, fr\u00e9quence cardiaque Programme d'entra\u00eenement 12 programmes pr\u00e9d\u00e9finis Fr\u00e9quence cardiaque Fr\u00e9quence cardiaque sans fil compatible avec Polar","og_url":"https:\/\/www.bzsolutions.ch\/fr\/produkt\/tapis-de-course-programmable-redon-nr25sxa\/","og_site_name":"BZ Solutions","og_image":[{"width":1000,"height":1000,"url":"https:\/\/www.bzsolutions.ch\/wp-content\/uploads\/2024\/04\/Drax_NR30X-1.png","type":"image\/png"}],"twitter_card":"summary_large_image","twitter_misc":{"Dur\u00e9e de lecture estim\u00e9e":"1 minute"},"schema":{"@context":"https:\/\/schema.org","@graph":[{"@type":"WebPage","@id":"https:\/\/www.bzsolutions.ch\/fr\/produkt\/tapis-de-course-programmable-redon-nr25sxa\/","url":"https:\/\/www.bzsolutions.ch\/fr\/produkt\/tapis-de-course-programmable-redon-nr25sxa\/","name":"Tapis de course programmable REDON NR25SXA - BZ Solutions","isPartOf":{"@id":"https:\/\/www.bzsolutions.ch\/fr\/#website"},"primaryImageOfPage":{"@id":"https:\/\/www.bzsolutions.ch\/fr\/produkt\/tapis-de-course-programmable-redon-nr25sxa\/#primaryimage"},"image":{"@id":"https:\/\/www.bzsolutions.ch\/fr\/produkt\/tapis-de-course-programmable-redon-nr25sxa\/#primaryimage"},"thumbnailUrl":"https:\/\/www.bzsolutions.ch\/wp-content\/uploads\/2024\/04\/Drax_NR30X-1.png","datePublished":"2024-04-03T15:34:52+00:00","dateModified":"2024-04-03T15:34:52+00:00","breadcrumb":{"@id":"https:\/\/www.bzsolutions.ch\/fr\/produkt\/tapis-de-course-programmable-redon-nr25sxa\/#breadcrumb"},"inLanguage":"fr-FR","potentialAction":[{"@type":"ReadAction","target":["https:\/\/www.bzsolutions.ch\/fr\/produkt\/tapis-de-course-programmable-redon-nr25sxa\/"]}]},{"@type":"ImageObject","inLanguage":"fr-FR","@id":"https:\/\/www.bzsolutions.ch\/fr\/produkt\/tapis-de-course-programmable-redon-nr25sxa\/#primaryimage","url":"https:\/\/www.bzsolutions.ch\/wp-content\/uploads\/2024\/04\/Drax_NR30X-1.png","contentUrl":"https:\/\/www.bzsolutions.ch\/wp-content\/uploads\/2024\/04\/Drax_NR30X-1.png","width":1000,"height":1000},{"@type":"BreadcrumbList","@id":"https:\/\/www.bzsolutions.ch\/fr\/produkt\/tapis-de-course-programmable-redon-nr25sxa\/#breadcrumb","itemListElement":[{"@type":"ListItem","position":1,"name":"Startseite","item":"https:\/\/www.bzsolutions.ch\/fr\/"},{"@type":"ListItem","position":2,"name":"Shop","item":"https:\/\/www.bzsolutions.ch\/shop\/"},{"@type":"ListItem","position":3,"name":"Tapis de course programmable REDON NR25SXA"}]},{"@type":"WebSite","@id":"https:\/\/www.bzsolutions.ch\/fr\/#website","url":"https:\/\/www.bzsolutions.ch\/fr\/","name":"BZ Solutions","description":"Total Fitness Solutions","publisher":{"@id":"https:\/\/www.bzsolutions.ch\/fr\/#organization"},"potentialAction":[{"@type":"SearchAction","target":{"@type":"EntryPoint","urlTemplate":"https:\/\/www.bzsolutions.ch\/fr\/?s={search_term_string}"},"query-input":{"@type":"PropertyValueSpecification","valueRequired":true,"valueName":"search_term_string"}}],"inLanguage":"fr-FR"},{"@type":"Organization","@id":"https:\/\/www.bzsolutions.ch\/fr\/#organization","name":"BZ Solutions","url":"https:\/\/www.bzsolutions.ch\/fr\/","logo":{"@type":"ImageObject","inLanguage":"fr-FR","@id":"https:\/\/www.bzsolutions.ch\/fr\/#\/schema\/logo\/image\/","url":"https:\/\/www.bzsolutions.ch\/wp-content\/uploads\/2024\/03\/logo_bz-solutions.png","contentUrl":"https:\/\/www.bzsolutions.ch\/wp-content\/uploads\/2024\/03\/logo_bz-solutions.png","width":600,"height":136,"caption":"BZ Solutions"},"image":{"@id":"https:\/\/www.bzsolutions.ch\/fr\/#\/schema\/logo\/image\/"}}]}},"_links":{"self":[{"href":"https:\/\/www.bzsolutions.ch\/fr\/wp-json\/wp\/v2\/product\/48907","targetHints":{"allow":["GET"]}}],"collection":[{"href":"https:\/\/www.bzsolutions.ch\/fr\/wp-json\/wp\/v2\/product"}],"about":[{"href":"https:\/\/www.bzsolutions.ch\/fr\/wp-json\/wp\/v2\/types\/product"}],"wp:featuredmedia":[{"embeddable":true,"href":"https:\/\/www.bzsolutions.ch\/fr\/wp-json\/wp\/v2\/media\/47982"}],"wp:attachment":[{"href":"https:\/\/www.bzsolutions.ch\/fr\/wp-json\/wp\/v2\/media?parent=48907"}],"wp:term":[{"taxonomy":"product_brand","embeddable":true,"href":"https:\/\/www.bzsolutions.ch\/fr\/wp-json\/wp\/v2\/product_brand?post=48907"},{"taxonomy":"product_cat","embeddable":true,"href":"https:\/\/www.bzsolutions.ch\/fr\/wp-json\/wp\/v2\/product_cat?post=48907"},{"taxonomy":"product_tag","embeddable":true,"href":"https:\/\/www.bzsolutions.ch\/fr\/wp-json\/wp\/v2\/product_tag?post=48907"}],"curies":[{"name":"wp","href":"https:\/\/api.w.org\/{rel}","templated":true}]}}