{"id":48911,"date":"2024-04-03T17:34:52","date_gmt":"2024-04-03T15:34:52","guid":{"rendered":"https:\/\/www.bzsolutions.ch\/produkt\/tapis-de-course-programmable-redon-nr20x\/"},"modified":"2024-04-03T17:34:52","modified_gmt":"2024-04-03T15:34:52","slug":"tapis-de-course-programmable-redon-nr20x","status":"publish","type":"product","link":"https:\/\/www.bzsolutions.ch\/fr\/produkt\/tapis-de-course-programmable-redon-nr20x\/","title":{"rendered":"Tapis de course programmable REDON NR20X"},"content":{"rendered":"<p>Smart Device Mirroring Permet \u00e0 la personne qui s&#8217;entra\u00eene de mettre en miroir son Smart Device sur l&#8217;\u00e9cran de 21,5 pouces.<\/p>\n<p>Prend en charge \u00e0 la fois les appareils iOS et Android.<\/p>\n<p>Floating Deck Technology Syst\u00e8me brevet\u00e9 de r\u00e9duction de la force pour l&#8217;utilisateur. (Brevet n\u00b0 10-1371607)<\/p>\n<p>Syst\u00e8me Dual Incline Ce syst\u00e8me brevet\u00e9 r\u00e9duit la charge sur le moteur de mont\u00e9e d&#8217;au moins 50 %. Cela prolonge consid\u00e9rablement la dur\u00e9e de vie du moteur d&#8217;inclinaison et du m\u00e9canisme de levage et assure un syst\u00e8me tr\u00e8s silencieux sans aucun roulement pendant le fonctionnement. (Brevets n\u00b0 10-0624647)<\/p>\n","protected":false},"excerpt":{"rendered":"<p>Le tapis de course DRAX New Redon offre une multitude de fonctions pour am\u00e9liorer votre entra\u00eenement. Les programmes d&#8217;entra\u00eenement pr\u00e9d\u00e9finis vous permettent de poursuivre des objectifs de remise en forme sp\u00e9cifiques tels que la combustion des graisses ou le cardio-training. Le Virtual Street Trainer vous permet de courir dans des rues europ\u00e9ennes pittoresques et de diffuser vos contenus pr\u00e9f\u00e9r\u00e9s pendant votre entra\u00eenement gr\u00e2ce \u00e0 la fonction miroir du smartphone. La console intuitive vous permet de profiter des cha\u00eenes de t\u00e9l\u00e9vision, de r\u00e9gler le volume et de contr\u00f4ler l&#8217;entra\u00eenement.<\/p>\n","protected":false},"featured_media":47981,"template":"","meta":{"inline_featured_image":false},"product_brand":[],"product_cat":[806,805,804,996],"product_tag":[808,1019],"class_list":{"0":"post-48911","1":"product","2":"type-product","3":"status-publish","4":"has-post-thumbnail","6":"product_cat-appareils-dendurance","7":"product_cat-drax-fr","8":"product_cat-fournisseur","9":"product_cat-tapis-de-course","10":"product_tag-drax-fr","11":"product_tag-tapis-de-course","12":"pa_breite-928-mm-fr","13":"pa_garantie-garantie-pieces-3-ans-pieces-electroniques-2-ans-panneau-tv-1-an-pieces-dusure-90-jours","14":"pa_gewicht-net-200-kg-brut-220-kg","15":"pa_herzfrequenz-capteur-de-frequence-cardiaque-sans-fil-compatible-avec-polar-contacts-de-frequence-cardiaque","16":"pa_hoehe-1645-mm-fr","17":"pa_konsoledisplay-affichage-de-la-console-vitesse-inclinaison-temps-distance-calories-frequence-cardiaque","18":"pa_laenge-2165-mm-fr","19":"pa_max-belastung-180-kg-397-lbs-fr","20":"pa_stromversorgung-220v-50-60hz-20-amp-prise-de-courant-dediee","21":"pa_traningslevel-12-programmes-predefinis","23":"first","24":"instock","25":"product-type-simple"},"yoast_head":"<!-- This site is optimized with the Yoast SEO plugin v23.8 - https:\/\/yoast.com\/wordpress\/plugins\/seo\/ -->\n<title>Tapis de course programmable REDON NR20X - BZ Solutions<\/title>\n<meta name=\"robots\" content=\"index, follow, max-snippet:-1, max-image-preview:large, max-video-preview:-1\" \/>\n<link rel=\"canonical\" href=\"https:\/\/www.bzsolutions.ch\/fr\/produkt\/tapis-de-course-programmable-redon-nr20x\/\" \/>\n<meta property=\"og:locale\" content=\"fr_FR\" \/>\n<meta property=\"og:type\" content=\"article\" \/>\n<meta property=\"og:title\" content=\"Tapis de course programmable REDON NR20X - BZ Solutions\" \/>\n<meta property=\"og:description\" content=\"Le tapis de course DRAX New Redon offre une multitude de fonctions pour am\u00e9liorer votre entra\u00eenement. Les programmes d&#039;entra\u00eenement pr\u00e9d\u00e9finis vous permettent de poursuivre des objectifs de remise en forme sp\u00e9cifiques tels que la combustion des graisses ou le cardio-training. Le Virtual Street Trainer vous permet de courir dans des rues europ\u00e9ennes pittoresques et de diffuser vos contenus pr\u00e9f\u00e9r\u00e9s pendant votre entra\u00eenement gr\u00e2ce \u00e0 la fonction miroir du smartphone. La console intuitive vous permet de profiter des cha\u00eenes de t\u00e9l\u00e9vision, de r\u00e9gler le volume et de contr\u00f4ler l&#039;entra\u00eenement.\" \/>\n<meta property=\"og:url\" content=\"https:\/\/www.bzsolutions.ch\/fr\/produkt\/tapis-de-course-programmable-redon-nr20x\/\" \/>\n<meta property=\"og:site_name\" content=\"BZ Solutions\" \/>\n<meta property=\"og:image\" content=\"https:\/\/www.bzsolutions.ch\/wp-content\/uploads\/2024\/04\/Drax_NR20XA-2.png\" \/>\n\t<meta property=\"og:image:width\" content=\"1000\" \/>\n\t<meta property=\"og:image:height\" content=\"1000\" \/>\n\t<meta property=\"og:image:type\" content=\"image\/png\" \/>\n<meta name=\"twitter:card\" content=\"summary_large_image\" \/>\n<meta name=\"twitter:label1\" content=\"Dur\u00e9e de lecture estim\u00e9e\" \/>\n\t<meta name=\"twitter:data1\" content=\"1 minute\" \/>\n<script type=\"application\/ld+json\" class=\"yoast-schema-graph\">{\"@context\":\"https:\/\/schema.org\",\"@graph\":[{\"@type\":\"WebPage\",\"@id\":\"https:\/\/www.bzsolutions.ch\/fr\/produkt\/tapis-de-course-programmable-redon-nr20x\/\",\"url\":\"https:\/\/www.bzsolutions.ch\/fr\/produkt\/tapis-de-course-programmable-redon-nr20x\/\",\"name\":\"Tapis de course programmable REDON NR20X - BZ Solutions\",\"isPartOf\":{\"@id\":\"https:\/\/www.bzsolutions.ch\/fr\/#website\"},\"primaryImageOfPage\":{\"@id\":\"https:\/\/www.bzsolutions.ch\/fr\/produkt\/tapis-de-course-programmable-redon-nr20x\/#primaryimage\"},\"image\":{\"@id\":\"https:\/\/www.bzsolutions.ch\/fr\/produkt\/tapis-de-course-programmable-redon-nr20x\/#primaryimage\"},\"thumbnailUrl\":\"https:\/\/www.bzsolutions.ch\/wp-content\/uploads\/2024\/04\/Drax_NR20XA-2.png\",\"datePublished\":\"2024-04-03T15:34:52+00:00\",\"dateModified\":\"2024-04-03T15:34:52+00:00\",\"breadcrumb\":{\"@id\":\"https:\/\/www.bzsolutions.ch\/fr\/produkt\/tapis-de-course-programmable-redon-nr20x\/#breadcrumb\"},\"inLanguage\":\"fr-FR\",\"potentialAction\":[{\"@type\":\"ReadAction\",\"target\":[\"https:\/\/www.bzsolutions.ch\/fr\/produkt\/tapis-de-course-programmable-redon-nr20x\/\"]}]},{\"@type\":\"ImageObject\",\"inLanguage\":\"fr-FR\",\"@id\":\"https:\/\/www.bzsolutions.ch\/fr\/produkt\/tapis-de-course-programmable-redon-nr20x\/#primaryimage\",\"url\":\"https:\/\/www.bzsolutions.ch\/wp-content\/uploads\/2024\/04\/Drax_NR20XA-2.png\",\"contentUrl\":\"https:\/\/www.bzsolutions.ch\/wp-content\/uploads\/2024\/04\/Drax_NR20XA-2.png\",\"width\":1000,\"height\":1000},{\"@type\":\"BreadcrumbList\",\"@id\":\"https:\/\/www.bzsolutions.ch\/fr\/produkt\/tapis-de-course-programmable-redon-nr20x\/#breadcrumb\",\"itemListElement\":[{\"@type\":\"ListItem\",\"position\":1,\"name\":\"Startseite\",\"item\":\"https:\/\/www.bzsolutions.ch\/fr\/\"},{\"@type\":\"ListItem\",\"position\":2,\"name\":\"Shop\",\"item\":\"https:\/\/www.bzsolutions.ch\/shop\/\"},{\"@type\":\"ListItem\",\"position\":3,\"name\":\"Tapis de course programmable REDON NR20X\"}]},{\"@type\":\"WebSite\",\"@id\":\"https:\/\/www.bzsolutions.ch\/fr\/#website\",\"url\":\"https:\/\/www.bzsolutions.ch\/fr\/\",\"name\":\"BZ Solutions\",\"description\":\"Total Fitness Solutions\",\"publisher\":{\"@id\":\"https:\/\/www.bzsolutions.ch\/fr\/#organization\"},\"potentialAction\":[{\"@type\":\"SearchAction\",\"target\":{\"@type\":\"EntryPoint\",\"urlTemplate\":\"https:\/\/www.bzsolutions.ch\/fr\/?s={search_term_string}\"},\"query-input\":{\"@type\":\"PropertyValueSpecification\",\"valueRequired\":true,\"valueName\":\"search_term_string\"}}],\"inLanguage\":\"fr-FR\"},{\"@type\":\"Organization\",\"@id\":\"https:\/\/www.bzsolutions.ch\/fr\/#organization\",\"name\":\"BZ Solutions\",\"url\":\"https:\/\/www.bzsolutions.ch\/fr\/\",\"logo\":{\"@type\":\"ImageObject\",\"inLanguage\":\"fr-FR\",\"@id\":\"https:\/\/www.bzsolutions.ch\/fr\/#\/schema\/logo\/image\/\",\"url\":\"https:\/\/www.bzsolutions.ch\/wp-content\/uploads\/2024\/03\/logo_bz-solutions.png\",\"contentUrl\":\"https:\/\/www.bzsolutions.ch\/wp-content\/uploads\/2024\/03\/logo_bz-solutions.png\",\"width\":600,\"height\":136,\"caption\":\"BZ Solutions\"},\"image\":{\"@id\":\"https:\/\/www.bzsolutions.ch\/fr\/#\/schema\/logo\/image\/\"}}]}<\/script>\n<!-- \/ Yoast SEO plugin. -->","yoast_head_json":{"title":"Tapis de course programmable REDON NR20X - BZ Solutions","robots":{"index":"index","follow":"follow","max-snippet":"max-snippet:-1","max-image-preview":"max-image-preview:large","max-video-preview":"max-video-preview:-1"},"canonical":"https:\/\/www.bzsolutions.ch\/fr\/produkt\/tapis-de-course-programmable-redon-nr20x\/","og_locale":"fr_FR","og_type":"article","og_title":"Tapis de course programmable REDON NR20X - BZ Solutions","og_description":"Le tapis de course DRAX New Redon offre une multitude de fonctions pour am\u00e9liorer votre entra\u00eenement. Les programmes d'entra\u00eenement pr\u00e9d\u00e9finis vous permettent de poursuivre des objectifs de remise en forme sp\u00e9cifiques tels que la combustion des graisses ou le cardio-training. Le Virtual Street Trainer vous permet de courir dans des rues europ\u00e9ennes pittoresques et de diffuser vos contenus pr\u00e9f\u00e9r\u00e9s pendant votre entra\u00eenement gr\u00e2ce \u00e0 la fonction miroir du smartphone. La console intuitive vous permet de profiter des cha\u00eenes de t\u00e9l\u00e9vision, de r\u00e9gler le volume et de contr\u00f4ler l'entra\u00eenement.","og_url":"https:\/\/www.bzsolutions.ch\/fr\/produkt\/tapis-de-course-programmable-redon-nr20x\/","og_site_name":"BZ Solutions","og_image":[{"width":1000,"height":1000,"url":"https:\/\/www.bzsolutions.ch\/wp-content\/uploads\/2024\/04\/Drax_NR20XA-2.png","type":"image\/png"}],"twitter_card":"summary_large_image","twitter_misc":{"Dur\u00e9e de lecture estim\u00e9e":"1 minute"},"schema":{"@context":"https:\/\/schema.org","@graph":[{"@type":"WebPage","@id":"https:\/\/www.bzsolutions.ch\/fr\/produkt\/tapis-de-course-programmable-redon-nr20x\/","url":"https:\/\/www.bzsolutions.ch\/fr\/produkt\/tapis-de-course-programmable-redon-nr20x\/","name":"Tapis de course programmable REDON NR20X - BZ Solutions","isPartOf":{"@id":"https:\/\/www.bzsolutions.ch\/fr\/#website"},"primaryImageOfPage":{"@id":"https:\/\/www.bzsolutions.ch\/fr\/produkt\/tapis-de-course-programmable-redon-nr20x\/#primaryimage"},"image":{"@id":"https:\/\/www.bzsolutions.ch\/fr\/produkt\/tapis-de-course-programmable-redon-nr20x\/#primaryimage"},"thumbnailUrl":"https:\/\/www.bzsolutions.ch\/wp-content\/uploads\/2024\/04\/Drax_NR20XA-2.png","datePublished":"2024-04-03T15:34:52+00:00","dateModified":"2024-04-03T15:34:52+00:00","breadcrumb":{"@id":"https:\/\/www.bzsolutions.ch\/fr\/produkt\/tapis-de-course-programmable-redon-nr20x\/#breadcrumb"},"inLanguage":"fr-FR","potentialAction":[{"@type":"ReadAction","target":["https:\/\/www.bzsolutions.ch\/fr\/produkt\/tapis-de-course-programmable-redon-nr20x\/"]}]},{"@type":"ImageObject","inLanguage":"fr-FR","@id":"https:\/\/www.bzsolutions.ch\/fr\/produkt\/tapis-de-course-programmable-redon-nr20x\/#primaryimage","url":"https:\/\/www.bzsolutions.ch\/wp-content\/uploads\/2024\/04\/Drax_NR20XA-2.png","contentUrl":"https:\/\/www.bzsolutions.ch\/wp-content\/uploads\/2024\/04\/Drax_NR20XA-2.png","width":1000,"height":1000},{"@type":"BreadcrumbList","@id":"https:\/\/www.bzsolutions.ch\/fr\/produkt\/tapis-de-course-programmable-redon-nr20x\/#breadcrumb","itemListElement":[{"@type":"ListItem","position":1,"name":"Startseite","item":"https:\/\/www.bzsolutions.ch\/fr\/"},{"@type":"ListItem","position":2,"name":"Shop","item":"https:\/\/www.bzsolutions.ch\/shop\/"},{"@type":"ListItem","position":3,"name":"Tapis de course programmable REDON NR20X"}]},{"@type":"WebSite","@id":"https:\/\/www.bzsolutions.ch\/fr\/#website","url":"https:\/\/www.bzsolutions.ch\/fr\/","name":"BZ Solutions","description":"Total Fitness Solutions","publisher":{"@id":"https:\/\/www.bzsolutions.ch\/fr\/#organization"},"potentialAction":[{"@type":"SearchAction","target":{"@type":"EntryPoint","urlTemplate":"https:\/\/www.bzsolutions.ch\/fr\/?s={search_term_string}"},"query-input":{"@type":"PropertyValueSpecification","valueRequired":true,"valueName":"search_term_string"}}],"inLanguage":"fr-FR"},{"@type":"Organization","@id":"https:\/\/www.bzsolutions.ch\/fr\/#organization","name":"BZ Solutions","url":"https:\/\/www.bzsolutions.ch\/fr\/","logo":{"@type":"ImageObject","inLanguage":"fr-FR","@id":"https:\/\/www.bzsolutions.ch\/fr\/#\/schema\/logo\/image\/","url":"https:\/\/www.bzsolutions.ch\/wp-content\/uploads\/2024\/03\/logo_bz-solutions.png","contentUrl":"https:\/\/www.bzsolutions.ch\/wp-content\/uploads\/2024\/03\/logo_bz-solutions.png","width":600,"height":136,"caption":"BZ Solutions"},"image":{"@id":"https:\/\/www.bzsolutions.ch\/fr\/#\/schema\/logo\/image\/"}}]}},"_links":{"self":[{"href":"https:\/\/www.bzsolutions.ch\/fr\/wp-json\/wp\/v2\/product\/48911","targetHints":{"allow":["GET"]}}],"collection":[{"href":"https:\/\/www.bzsolutions.ch\/fr\/wp-json\/wp\/v2\/product"}],"about":[{"href":"https:\/\/www.bzsolutions.ch\/fr\/wp-json\/wp\/v2\/types\/product"}],"wp:featuredmedia":[{"embeddable":true,"href":"https:\/\/www.bzsolutions.ch\/fr\/wp-json\/wp\/v2\/media\/47981"}],"wp:attachment":[{"href":"https:\/\/www.bzsolutions.ch\/fr\/wp-json\/wp\/v2\/media?parent=48911"}],"wp:term":[{"taxonomy":"product_brand","embeddable":true,"href":"https:\/\/www.bzsolutions.ch\/fr\/wp-json\/wp\/v2\/product_brand?post=48911"},{"taxonomy":"product_cat","embeddable":true,"href":"https:\/\/www.bzsolutions.ch\/fr\/wp-json\/wp\/v2\/product_cat?post=48911"},{"taxonomy":"product_tag","embeddable":true,"href":"https:\/\/www.bzsolutions.ch\/fr\/wp-json\/wp\/v2\/product_tag?post=48911"}],"curies":[{"name":"wp","href":"https:\/\/api.w.org\/{rel}","templated":true}]}}