{"id":48916,"date":"2024-04-03T17:34:52","date_gmt":"2024-04-03T15:34:52","guid":{"rendered":"https:\/\/www.bzsolutions.ch\/produkt\/power-climber\/"},"modified":"2024-04-03T17:34:52","modified_gmt":"2024-04-03T15:34:52","slug":"power-climber","status":"publish","type":"product","link":"https:\/\/www.bzsolutions.ch\/fr\/produkt\/power-climber\/","title":{"rendered":"POWER CLIMBER"},"content":{"rendered":"<p>01. ENTRA\u00ceNEMENT MUSCULAIRE DIVERS : Gr\u00e2ce \u00e0 diff\u00e9rentes formes de mouvements musculaires, la POWER CLIMBER permet d&#8217;entra\u00eener intensivement aussi bien le haut du corps que les jambes. Cela favorise un d\u00e9veloppement musculaire \u00e9quilibr\u00e9 et assure un entra\u00eenement efficace de tout le corps.<\/p>\n<p>02. CONSTRUCTION INNOVANTE : \u00c9quip\u00e9 d&#8217;une combinaison d&#8217;entra\u00eenement par cha\u00eene et par c\u00e2ble, l&#8217;appareil minimise le bruit pendant l&#8217;utilisation. De plus, la pr\u00e9cision des finitions et la construction en cadre d&#8217;acier haute r\u00e9sistance garantissent une excellente durabilit\u00e9 et stabilit\u00e9.<\/p>\n<p>03. DESIGN ERGONOMIQUE ET DURABLE : La POWER CLIMBER se caract\u00e9rise par un design ergonomique qui permet un entra\u00eenement confortable et s\u00fbr. Le rev\u00eatement brillant \u00e0 deux couches prot\u00e8ge contre l&#8217;usure et conf\u00e8re \u00e0 l&#8217;appareil un aspect esth\u00e9tiquement attrayant. Sa facilit\u00e9 d&#8217;utilisation et la possibilit\u00e9 de r\u00e9gler l&#8217;intensit\u00e9 de l&#8217;entra\u00eenement en font un partenaire d&#8217;entra\u00eenement id\u00e9al pour les salles de sport qui souhaitent offrir \u00e0 leurs membres une exp\u00e9rience d&#8217;entra\u00eenement innovante et efficace.<\/p>\n","protected":false},"excerpt":{"rendered":"<p>Faites l&#8217;exp\u00e9rience d&#8217;un entra\u00eenement intensif de tout le corps avec la POWER CLIMBER, sp\u00e9cialement con\u00e7ue pour les mouvements d&#8217;escalade exigeants. Cet appareil permet un entra\u00eenement polyvalent qui sollicite efficacement les groupes musculaires sup\u00e9rieurs et inf\u00e9rieurs et assure une musculation compl\u00e8te. La m\u00e9thode de la poign\u00e9e tournante permet de contr\u00f4ler facilement la force cin\u00e9tique pendant l&#8217;entra\u00eenement, ce qui permet de personnaliser l&#8217;intensit\u00e9.<\/p>\n","protected":false},"featured_media":47973,"template":"","meta":{"inline_featured_image":false},"product_brand":[],"product_cat":[806,805,804,1284],"product_tag":[808,1285],"class_list":{"0":"post-48916","1":"product","2":"type-product","3":"status-publish","4":"has-post-thumbnail","6":"product_cat-appareils-dendurance","7":"product_cat-drax-fr","8":"product_cat-fournisseur","9":"product_cat-synergy-air-fr","10":"product_tag-drax-fr","11":"product_tag-synergy-air-fr","12":"pa_antriebssystem-variateur-continu-brevete-les-poignees-sont-concues-pour-controler-efficacement-les-comportements-orientes-vers-le-sprint-et-la-puissance","13":"pa_breite-826-mm-fr","14":"pa_garantie-0-an-a-sgratuit","15":"pa_gewicht-120kg-265-lbs-fr","16":"pa_hoehe-1683-mm-fr","17":"pa_konsoledisplay-calories-temps-distance-rpm-frequence-cardiaque-n-a","18":"pa_laenge-1216-mm-fr","19":"pa_langlebigkeit-cadre-en-acier-a-haute-resistance","20":"pa_max-belastung-179-kg-400-lbs-fr","21":"pa_stromversorgung-tendeur-automatique-interne-pile-15v-3ea-ecran","23":"first","24":"instock","25":"product-type-simple"},"yoast_head":"<!-- This site is optimized with the Yoast SEO plugin v23.8 - https:\/\/yoast.com\/wordpress\/plugins\/seo\/ -->\n<title>POWER CLIMBER - BZ Solutions<\/title>\n<meta name=\"robots\" content=\"index, follow, max-snippet:-1, max-image-preview:large, max-video-preview:-1\" \/>\n<link rel=\"canonical\" href=\"https:\/\/www.bzsolutions.ch\/fr\/produkt\/power-climber\/\" \/>\n<meta property=\"og:locale\" content=\"fr_FR\" \/>\n<meta property=\"og:type\" content=\"article\" \/>\n<meta property=\"og:title\" content=\"POWER CLIMBER - BZ Solutions\" \/>\n<meta property=\"og:description\" content=\"Faites l&#039;exp\u00e9rience d&#039;un entra\u00eenement intensif de tout le corps avec la POWER CLIMBER, sp\u00e9cialement con\u00e7ue pour les mouvements d&#039;escalade exigeants. Cet appareil permet un entra\u00eenement polyvalent qui sollicite efficacement les groupes musculaires sup\u00e9rieurs et inf\u00e9rieurs et assure une musculation compl\u00e8te. La m\u00e9thode de la poign\u00e9e tournante permet de contr\u00f4ler facilement la force cin\u00e9tique pendant l&#039;entra\u00eenement, ce qui permet de personnaliser l&#039;intensit\u00e9.\" \/>\n<meta property=\"og:url\" content=\"https:\/\/www.bzsolutions.ch\/fr\/produkt\/power-climber\/\" \/>\n<meta property=\"og:site_name\" content=\"BZ Solutions\" \/>\n<meta property=\"og:image\" content=\"https:\/\/www.bzsolutions.ch\/wp-content\/uploads\/2024\/04\/Drax_Power-Climber.png\" \/>\n\t<meta property=\"og:image:width\" content=\"1000\" \/>\n\t<meta property=\"og:image:height\" content=\"1000\" \/>\n\t<meta property=\"og:image:type\" content=\"image\/png\" \/>\n<meta name=\"twitter:card\" content=\"summary_large_image\" \/>\n<meta name=\"twitter:label1\" content=\"Dur\u00e9e de lecture estim\u00e9e\" \/>\n\t<meta name=\"twitter:data1\" content=\"1 minute\" \/>\n<script type=\"application\/ld+json\" class=\"yoast-schema-graph\">{\"@context\":\"https:\/\/schema.org\",\"@graph\":[{\"@type\":\"WebPage\",\"@id\":\"https:\/\/www.bzsolutions.ch\/fr\/produkt\/power-climber\/\",\"url\":\"https:\/\/www.bzsolutions.ch\/fr\/produkt\/power-climber\/\",\"name\":\"POWER CLIMBER - BZ Solutions\",\"isPartOf\":{\"@id\":\"https:\/\/www.bzsolutions.ch\/fr\/#website\"},\"primaryImageOfPage\":{\"@id\":\"https:\/\/www.bzsolutions.ch\/fr\/produkt\/power-climber\/#primaryimage\"},\"image\":{\"@id\":\"https:\/\/www.bzsolutions.ch\/fr\/produkt\/power-climber\/#primaryimage\"},\"thumbnailUrl\":\"https:\/\/www.bzsolutions.ch\/wp-content\/uploads\/2024\/04\/Drax_Power-Climber.png\",\"datePublished\":\"2024-04-03T15:34:52+00:00\",\"dateModified\":\"2024-04-03T15:34:52+00:00\",\"breadcrumb\":{\"@id\":\"https:\/\/www.bzsolutions.ch\/fr\/produkt\/power-climber\/#breadcrumb\"},\"inLanguage\":\"fr-FR\",\"potentialAction\":[{\"@type\":\"ReadAction\",\"target\":[\"https:\/\/www.bzsolutions.ch\/fr\/produkt\/power-climber\/\"]}]},{\"@type\":\"ImageObject\",\"inLanguage\":\"fr-FR\",\"@id\":\"https:\/\/www.bzsolutions.ch\/fr\/produkt\/power-climber\/#primaryimage\",\"url\":\"https:\/\/www.bzsolutions.ch\/wp-content\/uploads\/2024\/04\/Drax_Power-Climber.png\",\"contentUrl\":\"https:\/\/www.bzsolutions.ch\/wp-content\/uploads\/2024\/04\/Drax_Power-Climber.png\",\"width\":1000,\"height\":1000},{\"@type\":\"BreadcrumbList\",\"@id\":\"https:\/\/www.bzsolutions.ch\/fr\/produkt\/power-climber\/#breadcrumb\",\"itemListElement\":[{\"@type\":\"ListItem\",\"position\":1,\"name\":\"Startseite\",\"item\":\"https:\/\/www.bzsolutions.ch\/fr\/\"},{\"@type\":\"ListItem\",\"position\":2,\"name\":\"Shop\",\"item\":\"https:\/\/www.bzsolutions.ch\/shop\/\"},{\"@type\":\"ListItem\",\"position\":3,\"name\":\"POWER CLIMBER\"}]},{\"@type\":\"WebSite\",\"@id\":\"https:\/\/www.bzsolutions.ch\/fr\/#website\",\"url\":\"https:\/\/www.bzsolutions.ch\/fr\/\",\"name\":\"BZ Solutions\",\"description\":\"Total Fitness Solutions\",\"publisher\":{\"@id\":\"https:\/\/www.bzsolutions.ch\/fr\/#organization\"},\"potentialAction\":[{\"@type\":\"SearchAction\",\"target\":{\"@type\":\"EntryPoint\",\"urlTemplate\":\"https:\/\/www.bzsolutions.ch\/fr\/?s={search_term_string}\"},\"query-input\":{\"@type\":\"PropertyValueSpecification\",\"valueRequired\":true,\"valueName\":\"search_term_string\"}}],\"inLanguage\":\"fr-FR\"},{\"@type\":\"Organization\",\"@id\":\"https:\/\/www.bzsolutions.ch\/fr\/#organization\",\"name\":\"BZ Solutions\",\"url\":\"https:\/\/www.bzsolutions.ch\/fr\/\",\"logo\":{\"@type\":\"ImageObject\",\"inLanguage\":\"fr-FR\",\"@id\":\"https:\/\/www.bzsolutions.ch\/fr\/#\/schema\/logo\/image\/\",\"url\":\"https:\/\/www.bzsolutions.ch\/wp-content\/uploads\/2024\/03\/logo_bz-solutions.png\",\"contentUrl\":\"https:\/\/www.bzsolutions.ch\/wp-content\/uploads\/2024\/03\/logo_bz-solutions.png\",\"width\":600,\"height\":136,\"caption\":\"BZ Solutions\"},\"image\":{\"@id\":\"https:\/\/www.bzsolutions.ch\/fr\/#\/schema\/logo\/image\/\"}}]}<\/script>\n<!-- \/ Yoast SEO plugin. -->","yoast_head_json":{"title":"POWER CLIMBER - BZ Solutions","robots":{"index":"index","follow":"follow","max-snippet":"max-snippet:-1","max-image-preview":"max-image-preview:large","max-video-preview":"max-video-preview:-1"},"canonical":"https:\/\/www.bzsolutions.ch\/fr\/produkt\/power-climber\/","og_locale":"fr_FR","og_type":"article","og_title":"POWER CLIMBER - BZ Solutions","og_description":"Faites l'exp\u00e9rience d'un entra\u00eenement intensif de tout le corps avec la POWER CLIMBER, sp\u00e9cialement con\u00e7ue pour les mouvements d'escalade exigeants. Cet appareil permet un entra\u00eenement polyvalent qui sollicite efficacement les groupes musculaires sup\u00e9rieurs et inf\u00e9rieurs et assure une musculation compl\u00e8te. La m\u00e9thode de la poign\u00e9e tournante permet de contr\u00f4ler facilement la force cin\u00e9tique pendant l'entra\u00eenement, ce qui permet de personnaliser l'intensit\u00e9.","og_url":"https:\/\/www.bzsolutions.ch\/fr\/produkt\/power-climber\/","og_site_name":"BZ Solutions","og_image":[{"width":1000,"height":1000,"url":"https:\/\/www.bzsolutions.ch\/wp-content\/uploads\/2024\/04\/Drax_Power-Climber.png","type":"image\/png"}],"twitter_card":"summary_large_image","twitter_misc":{"Dur\u00e9e de lecture estim\u00e9e":"1 minute"},"schema":{"@context":"https:\/\/schema.org","@graph":[{"@type":"WebPage","@id":"https:\/\/www.bzsolutions.ch\/fr\/produkt\/power-climber\/","url":"https:\/\/www.bzsolutions.ch\/fr\/produkt\/power-climber\/","name":"POWER CLIMBER - BZ Solutions","isPartOf":{"@id":"https:\/\/www.bzsolutions.ch\/fr\/#website"},"primaryImageOfPage":{"@id":"https:\/\/www.bzsolutions.ch\/fr\/produkt\/power-climber\/#primaryimage"},"image":{"@id":"https:\/\/www.bzsolutions.ch\/fr\/produkt\/power-climber\/#primaryimage"},"thumbnailUrl":"https:\/\/www.bzsolutions.ch\/wp-content\/uploads\/2024\/04\/Drax_Power-Climber.png","datePublished":"2024-04-03T15:34:52+00:00","dateModified":"2024-04-03T15:34:52+00:00","breadcrumb":{"@id":"https:\/\/www.bzsolutions.ch\/fr\/produkt\/power-climber\/#breadcrumb"},"inLanguage":"fr-FR","potentialAction":[{"@type":"ReadAction","target":["https:\/\/www.bzsolutions.ch\/fr\/produkt\/power-climber\/"]}]},{"@type":"ImageObject","inLanguage":"fr-FR","@id":"https:\/\/www.bzsolutions.ch\/fr\/produkt\/power-climber\/#primaryimage","url":"https:\/\/www.bzsolutions.ch\/wp-content\/uploads\/2024\/04\/Drax_Power-Climber.png","contentUrl":"https:\/\/www.bzsolutions.ch\/wp-content\/uploads\/2024\/04\/Drax_Power-Climber.png","width":1000,"height":1000},{"@type":"BreadcrumbList","@id":"https:\/\/www.bzsolutions.ch\/fr\/produkt\/power-climber\/#breadcrumb","itemListElement":[{"@type":"ListItem","position":1,"name":"Startseite","item":"https:\/\/www.bzsolutions.ch\/fr\/"},{"@type":"ListItem","position":2,"name":"Shop","item":"https:\/\/www.bzsolutions.ch\/shop\/"},{"@type":"ListItem","position":3,"name":"POWER CLIMBER"}]},{"@type":"WebSite","@id":"https:\/\/www.bzsolutions.ch\/fr\/#website","url":"https:\/\/www.bzsolutions.ch\/fr\/","name":"BZ Solutions","description":"Total Fitness Solutions","publisher":{"@id":"https:\/\/www.bzsolutions.ch\/fr\/#organization"},"potentialAction":[{"@type":"SearchAction","target":{"@type":"EntryPoint","urlTemplate":"https:\/\/www.bzsolutions.ch\/fr\/?s={search_term_string}"},"query-input":{"@type":"PropertyValueSpecification","valueRequired":true,"valueName":"search_term_string"}}],"inLanguage":"fr-FR"},{"@type":"Organization","@id":"https:\/\/www.bzsolutions.ch\/fr\/#organization","name":"BZ Solutions","url":"https:\/\/www.bzsolutions.ch\/fr\/","logo":{"@type":"ImageObject","inLanguage":"fr-FR","@id":"https:\/\/www.bzsolutions.ch\/fr\/#\/schema\/logo\/image\/","url":"https:\/\/www.bzsolutions.ch\/wp-content\/uploads\/2024\/03\/logo_bz-solutions.png","contentUrl":"https:\/\/www.bzsolutions.ch\/wp-content\/uploads\/2024\/03\/logo_bz-solutions.png","width":600,"height":136,"caption":"BZ Solutions"},"image":{"@id":"https:\/\/www.bzsolutions.ch\/fr\/#\/schema\/logo\/image\/"}}]}},"_links":{"self":[{"href":"https:\/\/www.bzsolutions.ch\/fr\/wp-json\/wp\/v2\/product\/48916","targetHints":{"allow":["GET"]}}],"collection":[{"href":"https:\/\/www.bzsolutions.ch\/fr\/wp-json\/wp\/v2\/product"}],"about":[{"href":"https:\/\/www.bzsolutions.ch\/fr\/wp-json\/wp\/v2\/types\/product"}],"wp:featuredmedia":[{"embeddable":true,"href":"https:\/\/www.bzsolutions.ch\/fr\/wp-json\/wp\/v2\/media\/47973"}],"wp:attachment":[{"href":"https:\/\/www.bzsolutions.ch\/fr\/wp-json\/wp\/v2\/media?parent=48916"}],"wp:term":[{"taxonomy":"product_brand","embeddable":true,"href":"https:\/\/www.bzsolutions.ch\/fr\/wp-json\/wp\/v2\/product_brand?post=48916"},{"taxonomy":"product_cat","embeddable":true,"href":"https:\/\/www.bzsolutions.ch\/fr\/wp-json\/wp\/v2\/product_cat?post=48916"},{"taxonomy":"product_tag","embeddable":true,"href":"https:\/\/www.bzsolutions.ch\/fr\/wp-json\/wp\/v2\/product_tag?post=48916"}],"curies":[{"name":"wp","href":"https:\/\/api.w.org\/{rel}","templated":true}]}}